{"id":43,"date":"2021-04-08T09:06:29","date_gmt":"2021-04-08T09:06:29","guid":{"rendered":"http:\/\/bilberry.ag\/?page_id=43"},"modified":"2021-12-08T16:55:31","modified_gmt":"2021-12-08T16:55:31","slug":"contact","status":"publish","type":"page","link":"https:\/\/bilberry.io\/fr\/contact\/","title":{"rendered":"Contact"},"content":{"rendered":"\n<div class=\"wp-block-group container intro is-layout-flow\"><div class=\"wp-block-group__inner-container\">\n<div class=\"wp-block-columns wide is-layout-flex wp-container-3\">\n<div class=\"wp-block-column is-layout-flow\">\n<p class=\"has-text-align-right\">Vous souhaitez plus d&rsquo;informations sur nos produits ou avez besoin d\u2019assistance technique ? Vous \u00eates au bon endroit.<\/p>\n<\/div>\n\n\n\n<div class=\"wp-block-column is-layout-flow\">\n<p>Contactez-nous en remplissant le formulaire ci-dessous et suivez-nous sur les r\u00e9seaux pour \u00eatre toujours inform\u00e9s de nos derni\u00e8res actualit\u00e9s.<\/p>\n<\/div>\n<\/div>\n\n\n<svg class=\"separator\" xmlns=\"http:\/\/www.w3.org\/2000\/svg\" viewBox=\"0 0 26 97.2\" data-inviewport=\"dash\">\n  <path d=\"M13 0v68.6m12 6.8l-12.1-6.8L1 75.4v13.7L12.9 96 25 89.1V75.4z\" fill=\"none\" stroke=\"#2a5a80\" stroke-width=\"2\" stroke-linecap=\"round\" stroke-linejoin=\"round\" stroke-miterlimit=\"10\"\/>\n<\/svg>\n<\/div><\/div>\n\n\n\n<div class=\"wp-block-group container is-layout-flow\"><div class=\"wp-block-group__inner-container\">\n<div class=\"wp-block-media-text alignwide has-media-on-the-right is-stacked-on-mobile is-image-fill has-spring-wood-background-color\" id=\"contact-block\"><figure class=\"wp-block-media-text__media\" style=\"background-image:url(https:\/\/bilberry.io\/fr\/wp-content\/uploads\/sites\/2\/2021\/10\/014-1024x668.jpg);background-position:50% 50%\"><img decoding=\"async\" loading=\"lazy\" width=\"1024\" height=\"668\" src=\"https:\/\/bilberry.io\/fr\/wp-content\/uploads\/sites\/2\/2021\/10\/014-1024x668.jpg\" alt=\"\" class=\"wp-image-923 size-full\" srcset=\"https:\/\/bilberry.io\/fr\/wp-content\/uploads\/sites\/2\/2021\/10\/014-1024x668.jpg 1024w, https:\/\/bilberry.io\/fr\/wp-content\/uploads\/sites\/2\/2021\/10\/014-300x196.jpg 300w, https:\/\/bilberry.io\/fr\/wp-content\/uploads\/sites\/2\/2021\/10\/014-768x501.jpg 768w, https:\/\/bilberry.io\/fr\/wp-content\/uploads\/sites\/2\/2021\/10\/014.jpg 1465w\" sizes=\"(max-width: 1024px) 100vw, 1024px\" \/><\/figure><div class=\"wp-block-media-text__content\">\n<div class=\"wp-block-group vertical-min-padding is-layout-flow\"><div class=\"wp-block-group__inner-container\">\n<h3 class=\"underline full-width display-inline has-text-color wp-block-heading\" style=\"color:#444347\">Contact&nbsp;<img decoding=\"async\" class=\"wp-image-713\" style=\"width: 176px;\" src=\"https:\/\/bilberry.io\/fr\/wp-content\/uploads\/sites\/2\/2021\/09\/logo.png\" alt=\"\"><\/h3>\n\n\n\n<p>N\u2019h\u00e9sitez pas \u00e0 venir vers nous pour obtenir des informations sur notre syst\u00e8me.<\/p>\n\n\n\n<p>Nous r\u00e9pondons g\u00e9n\u00e9ralement sous 24 heures. Pour des questions d\u2019ordre g\u00e9n\u00e9ral, utilisez le formulaire ci-dessous ou \u00e9crivez-vous directement \u00e0 <a href=\"mailto:hello@bilberry.io\">hello@bilberry.io<\/a>.<\/p>\n\n\n\n<p><br><\/p>\n\n\n\n<p class=\"marker-location\"><strong>BILBERRY<\/strong><\/p>\n\n\n\n<p class=\"marker-flag-france\">44 Avenue Raspail, 94250 Gentilly (France)<\/p>\n\n\n\n<p class=\"marker-flag-australia\">220B Stirling Highway, Claremont, 6010, Western Austalia<\/p>\n\n\n\n<div class=\"wp-block-columns is-layout-flex wp-container-6\">\n<div class=\"wp-block-column display-inline is-layout-flow\">\n<p class=\"marker-linkedin\"><a rel=\"noreferrer noopener\" href=\"https:\/\/www.linkedin.com\/company\/bilberry\/\" target=\"_blank\">Bilberry<\/a><\/p>\n\n\n\n<p class=\"marker-twitter\"><a href=\"https:\/\/twitter.com\/bilberryagri?lang=fr\" data-type=\"URL\" data-id=\"https:\/\/twitter.com\/bilberryagri?lang=fr\" target=\"_blank\" rel=\"noreferrer noopener\">@bilberry<\/a><\/p>\n<\/div>\n<\/div>\n<\/div><\/div>\n<\/div><\/div>\n\n\n<svg class=\"separator\" xmlns=\"http:\/\/www.w3.org\/2000\/svg\" viewBox=\"0 0 26 97.2\" data-inviewport=\"dash\">\n  <path d=\"M13 0v68.6m12 6.8l-12.1-6.8L1 75.4v13.7L12.9 96 25 89.1V75.4z\" fill=\"none\" stroke=\"#2a5a80\" stroke-width=\"2\" stroke-linecap=\"round\" stroke-linejoin=\"round\" stroke-miterlimit=\"10\"\/>\n<\/svg>\n<\/div><\/div>\n\n\n\n<div class=\"wp-block-group container is-layout-flow\"><div class=\"wp-block-group__inner-container\">\n<div class=\"wp-block-columns has-spring-wood-background-color is-layout-flex wp-container-11\">\n<div class=\"wp-block-column is-layout-flow\" style=\"flex-basis:50%\"><p>\n<div id='sl_div'>\n  <form onsubmit='searchLocations(); return false;' id='searchForm' action=''>\n    <table border='0' cellpadding='3px' class='sl_header' style='width:100%;'><tr>\n\t<td valign='top' id='search_label'>Address&nbsp;<\/td>\n\t<td  colspan='4'  valign='top'><input type='text' id='addressInput' size='50' \/><\/td>\n\t\n\t<\/tr><tr>\n\t <td id='radius_label'><\/td>\n\t <td id='radiusSelect_td' ><select id='radiusSelect'><option value='1' >1 mi<\/option><option value='5' >5 mi<\/option><option value='10' >10 mi<\/option><option value='25'  selected='selected' >25 mi<\/option><option value='50' >50 mi<\/option><option value='100' >100 mi<\/option><option value='200' >200 mi<\/option><option value='500' >500 mi<\/option><\/select>\n\t<\/td>\n\t<td valign='top' colspan='2' ><input type='image' src='https:\/\/bilberry.io\/fr\/wp-content\/uploads\/sites\/2\/sl-uploads\/images\/search_button.png' onmousedown=\"this.src='https:\/\/bilberry.io\/fr\/wp-content\/uploads\/sites\/2\/sl-uploads\/images\/search_button_down.png'\" onmouseup=\"this.src='https:\/\/bilberry.io\/fr\/wp-content\/uploads\/sites\/2\/sl-uploads\/images\/search_button.png'\" onmouseover=\"this.src='https:\/\/bilberry.io\/fr\/wp-content\/uploads\/sites\/2\/sl-uploads\/images\/search_button_over.png'\" onmouseout=\"this.src='https:\/\/bilberry.io\/fr\/wp-content\/uploads\/sites\/2\/sl-uploads\/images\/search_button.png'\" onclick=\"showLoadImg('show', 'loadImg');\" value='Search Locations' id='addressSubmit'\/><\/td>\n\t<td><img src='https:\/\/bilberry.io\/fr\/wp-content\/uploads\/sites\/2\/sl-uploads\/images\/loading.gif' id='loadImg' style='opacity:0; filter:alpha(opacity=0); height:28px; vertical-align:bottom; position:relative; '><\/td>\n\t<\/tr><\/table><table style='width:100%;\/*border:solid silver 1px*\/' cellspacing='0px' cellpadding='0px' > \n     <tr>\n        <td style='width:100%' valign='top' id='map_td'> <div id='sl_map' style='width:100%; height:500px'><\/div><table cellpadding='0px' class='sl_footer' style='width:100%;' ><tr><td class='sl_footer_left_column'><a href='http:\/\/www.viadat.com\/store-locator' target='_blank' title='WordPress Store Locator -- LotsOfLocales&trade;'>WordPress Store Locator<\/a><\/td><td class='sl_footer_right_column'> <a href='http:\/\/www.viadat.com' target='_blank' title='Map Maker for Creating Store Locators or Any Address Maps Using WordPress & Google Maps'>Viadat Creations<\/a><\/td><\/tr><\/table>\n\t\t<\/td>\n      <\/tr>\n\t  <tr id='cm_mapTR'>\n        <td width='' valign='top' style='\/*display:hidden; border-right:solid silver 1px*\/' id='map_sidebar_td'> <div id='map_sidebar' style='width:100%;\/* 500px; *\/'> <div class='text_below_map'>Enter Your Address or Zip Code Above.<\/div><\/div>\n        <\/td><\/tr>\n  <\/table><\/form>\n<\/div><\/p>\n<\/div>\n\n\n\n<div class=\"wp-block-column vertical-min-padding is-layout-flow\" style=\"flex-basis:40%\">\n<p>CONTACTEZ-NOUS<\/p>\n\n\n\n<p>Remplissez le formulaire ci-dessous pour nous contacter.<\/p>\n\n\n\n<div class=\"wpcf7 no-js\" id=\"wpcf7-f3-o1\" lang=\"en-US\" dir=\"ltr\">\n<div class=\"screen-reader-response\"><p role=\"status\" aria-live=\"polite\" aria-atomic=\"true\"><\/p> <ul><\/ul><\/div>\n<form action=\"\/fr\/wp-json\/wp\/v2\/pages\/43#wpcf7-f3-o1\" method=\"post\" class=\"wpcf7-form init contact-form-light b20d27ff073a cmatic-disconn cmatic-aud-0 cmatic-mapd0-0 cmatic-v0978 cmatic-sent-0 cmatic-total-0\" aria-label=\"Contact form\" novalidate=\"novalidate\" data-status=\"init\">\n<div style=\"display: none;\">\n<input type=\"hidden\" name=\"_wpcf7\" value=\"3\" \/>\n<input type=\"hidden\" name=\"_wpcf7_version\" value=\"5.8.7\" \/>\n<input type=\"hidden\" name=\"_wpcf7_locale\" value=\"en_US\" \/>\n<input type=\"hidden\" name=\"_wpcf7_unit_tag\" value=\"wpcf7-f3-o1\" \/>\n<input type=\"hidden\" name=\"_wpcf7_container_post\" value=\"0\" \/>\n<input type=\"hidden\" name=\"_wpcf7_posted_data_hash\" value=\"\" \/>\n<input type=\"hidden\" name=\"_wpcf7_recaptcha_response\" value=\"\" \/>\n<\/div>\n<div class=\"wpcf7-response-output\" aria-hidden=\"true\"><\/div>\n<fieldset>\n\t<p><label><br \/>\n<span class=\"wpcf7-form-control-wrap\" data-name=\"your-name\"><input size=\"40\" class=\"wpcf7-form-control wpcf7-text wpcf7-validates-as-required\" aria-required=\"true\" aria-invalid=\"false\" placeholder=\"Pr\u00e9nom*\" value=\"\" type=\"text\" name=\"your-name\" \/><\/span> <\/label><br \/>\n<label><br \/>\n<span class=\"wpcf7-form-control-wrap\" data-name=\"your-lastname\"><input size=\"40\" class=\"wpcf7-form-control wpcf7-text wpcf7-validates-as-required\" aria-required=\"true\" aria-invalid=\"false\" placeholder=\"Nom de famille*\" value=\"\" type=\"text\" name=\"your-lastname\" \/><\/span> <\/label>\n\t<\/p>\n<\/fieldset>\n<p><label><br \/>\n<span class=\"wpcf7-form-control-wrap\" data-name=\"your-email\"><input size=\"40\" class=\"wpcf7-form-control wpcf7-email wpcf7-validates-as-required wpcf7-text wpcf7-validates-as-email\" aria-required=\"true\" aria-invalid=\"false\" placeholder=\"Email*\" value=\"\" type=\"email\" name=\"your-email\" \/><\/span> <\/label><br \/>\n<label><br \/>\n<span class=\"wpcf7-form-control-wrap\" data- required=\"required\" name=\"your-type\"><select class=\"wpcf7-form-control wpcf7-select wpcf7-validates-as-required\" aria-required=\"true\" aria-invalid=\"false\" name=\"your-type\"><option value=\"\">Vous \u00eates ?*<\/option><option value=\"Fabricant de pulv\u00e9risateurs\">Fabricant de pulv\u00e9risateurs<\/option><option value=\"Revendeur agricole\">Revendeur agricole<\/option><option value=\"Institution gouvernementale\">Institution gouvernementale<\/option><option value=\"Media\">Media<\/option><option value=\"Autre\">Autre<\/option><\/select><\/span> <\/label><br \/>\n<label><br \/>\n<span class=\"wpcf7-form-control-wrap\" data-name=\"your-country\"><input size=\"40\" class=\"wpcf7-form-control wpcf7-text wpcf7-validates-as-required\" aria-required=\"true\" aria-invalid=\"false\" placeholder=\"Pays*\" value=\"\" type=\"text\" name=\"your-country\" \/><\/span> <\/label><br \/>\n<label><br \/>\n<span class=\"wpcf7-form-control-wrap\" data-name=\"your-company\"><input size=\"40\" class=\"wpcf7-form-control wpcf7-text wpcf7-validates-as-required\" aria-required=\"true\" aria-invalid=\"false\" placeholder=\"Entreprise*\" value=\"\" type=\"text\" name=\"your-company\" \/><\/span> <\/label><br \/>\n<label><br \/>\n<span class=\"wpcf7-form-control-wrap\" data-name=\"your-subject\"><input size=\"40\" class=\"wpcf7-form-control wpcf7-text wpcf7-validates-as-required\" aria-required=\"true\" aria-invalid=\"false\" placeholder=\"Sujet*\" value=\"\" type=\"text\" name=\"your-subject\" \/><\/span> <\/label><br \/>\n<label><br \/>\n<span class=\"wpcf7-form-control-wrap\" data-name=\"your-message\"><textarea cols=\"40\" rows=\"10\" class=\"wpcf7-form-control wpcf7-textarea wpcf7-validates-as-required\" aria-required=\"true\" aria-invalid=\"false\" placeholder=\"Votre message*\" name=\"your-message\"><\/textarea><\/span> <\/label><br \/>\n<label><br \/>\n<span class=\"wpcf7-form-control-wrap\" data-name=\"opt-in\"><span class=\"wpcf7-form-control wpcf7-acceptance optional\"><span class=\"wpcf7-list-item\"><label><input type=\"checkbox\" name=\"opt-in\" value=\"1\" aria-invalid=\"false\" \/><span class=\"wpcf7-list-item-label\">JE SOUHAITE RECEVOIR LES ACTUALIT\u00c9S DE BILBERRY<\/span><\/label><\/span><\/span><\/span><br \/>\n<input class=\"wpcf7-form-control wpcf7-submit\" type=\"submit\" value=\"Envoyer\" \/><\/label>\n<\/p>\n<\/form>\n<\/div>\n\n<\/div>\n<\/div>\n<\/div><\/div>\n","protected":false},"excerpt":{"rendered":"<p>Vous souhaitez plus d&rsquo;informations sur nos produits ou avez besoin d\u2019assistance technique [&hellip;]<\/p>\n","protected":false},"author":1,"featured_media":952,"parent":0,"menu_order":0,"comment_status":"closed","ping_status":"closed","template":"","meta":{"inline_featured_image":false},"acf":[],"_links":{"self":[{"href":"https:\/\/bilberry.io\/fr\/wp-json\/wp\/v2\/pages\/43"}],"collection":[{"href":"https:\/\/bilberry.io\/fr\/wp-json\/wp\/v2\/pages"}],"about":[{"href":"https:\/\/bilberry.io\/fr\/wp-json\/wp\/v2\/types\/page"}],"author":[{"embeddable":true,"href":"https:\/\/bilberry.io\/fr\/wp-json\/wp\/v2\/users\/1"}],"replies":[{"embeddable":true,"href":"https:\/\/bilberry.io\/fr\/wp-json\/wp\/v2\/comments?post=43"}],"version-history":[{"count":6,"href":"https:\/\/bilberry.io\/fr\/wp-json\/wp\/v2\/pages\/43\/revisions"}],"predecessor-version":[{"id":954,"href":"https:\/\/bilberry.io\/fr\/wp-json\/wp\/v2\/pages\/43\/revisions\/954"}],"wp:featuredmedia":[{"embeddable":true,"href":"https:\/\/bilberry.io\/fr\/wp-json\/wp\/v2\/media\/952"}],"wp:attachment":[{"href":"https:\/\/bilberry.io\/fr\/wp-json\/wp\/v2\/media?parent=43"}],"curies":[{"name":"wp","href":"https:\/\/api.w.org\/{rel}","templated":true}]}}