{"id":41,"date":"2021-04-08T09:06:11","date_gmt":"2021-04-08T09:06:11","guid":{"rendered":"http:\/\/bilberry.ag\/?page_id=41"},"modified":"2021-12-08T16:52:49","modified_gmt":"2021-12-08T16:52:49","slug":"career","status":"publish","type":"page","link":"https:\/\/bilberry.io\/fr\/career\/","title":{"rendered":"Travailler chez Bilberry"},"content":{"rendered":"\n<div class=\"wp-block-group container intro is-layout-flow\"><div class=\"wp-block-group__inner-container\">\n<div class=\"wp-block-columns wide is-layout-flex wp-container-3\">\n<div class=\"wp-block-column is-layout-flow\">\n<p class=\"has-text-align-right\">Nous sommes constamment \u00e0 la recherche de nouveaux talents, passionn\u00e9s par la technologie, l\u2019innovation et qui veulent s\u2019investir dans des projets d\u00e9cisifs pour une agriculture durable.<\/p>\n<\/div>\n\n\n\n<div class=\"wp-block-column is-layout-flow\">\n<p>Rejoindre Bilberry, c\u2019est rejoindre une \u00e9quipe motiv\u00e9e, qui a soif d\u2019apprendre et de relever des challenges pour s\u2019am\u00e9liorer soi-m\u00eame et perfectionner nos technologies.<\/p>\n<\/div>\n<\/div>\n\n\n<svg class=\"separator\" xmlns=\"http:\/\/www.w3.org\/2000\/svg\" viewBox=\"0 0 26 97.2\" data-inviewport=\"dash\">\n  <path d=\"M13 0v68.6m12 6.8l-12.1-6.8L1 75.4v13.7L12.9 96 25 89.1V75.4z\" fill=\"none\" stroke=\"#2a5a80\" stroke-width=\"2\" stroke-linecap=\"round\" stroke-linejoin=\"round\" stroke-miterlimit=\"10\"\/>\n<\/svg>\n<\/div><\/div>\n\n\n\n<div class=\"wp-block-group container is-layout-flow\"><div class=\"wp-block-group__inner-container\">\n<div class=\"wp-block-group featured is-layout-flow\"><div class=\"wp-block-group__inner-container\">\n<div class=\"wp-block-columns is-layout-flex wp-container-7\">\n<div class=\"wp-block-column is-layout-flow\">\n<h3 class=\"underline full-width has-sushi-color has-text-color wp-block-heading\"><strong>TRAVAILLER AVEC NOUS<\/strong><br>changer l\u2019avenir de l\u2019agriculture<\/h3>\n<\/div>\n\n\n\n<div class=\"wp-block-column is-layout-flow\">\n<figure class=\"wp-block-embed is-type-video is-provider-youtube wp-block-embed-youtube wp-embed-aspect-16-9 wp-has-aspect-ratio\"><div class=\"wp-block-embed__wrapper\">\n<iframe loading=\"lazy\" title=\"De\u0301couvrez Bilberry avec Guillaume, Founder &amp; CEO\" width=\"500\" height=\"281\" src=\"https:\/\/www.youtube.com\/embed\/Ts6_3itHBO4?start=21&#038;feature=oembed\" frameborder=\"0\" allow=\"accelerometer; autoplay; clipboard-write; encrypted-media; gyroscope; picture-in-picture\" allowfullscreen><\/iframe>\n<\/div><\/figure>\n<\/div>\n<\/div>\n<\/div><\/div>\n\n\n\n<h2 class=\"has-text-align-center has-sushi-color has-text-color wp-block-heading\"><strong>POSTES DISPONIBLES<\/strong><\/h2>\n\n\n\n\n\t<div class=\"wp-block-columns positions\">\n\t        <div class=\"wp-block-column\">\n    \t\t<div class=\"wp-block-group box box-soft\">\n    \t\t\t<div class=\"wp-block-group__inner-container\">\n    \t\t\t\t<p class=\"has-text-align-center has-medium-font-size has-cello-color\">\n    \t\t\t\t\t<strong>Ing\u00e9nieur M\u00e9catronique<\/strong>\n    \t\t\t\t<\/p>\n    \t\t\t\t        \t\t\t<p>En tant qu\u2019Ing\u00e9nieur m\u00e9catronique tu seras responsable du d\u00e9veloppement et de l\u2019am\u00e9lioration de notre solution embarqu\u00e9e industrialis\u00e9e prenant en compte l\u2019ensemble des contraintes du milieu agricole.<\/p>\n        \t\t\t<ul class=\"position-properties\">\n        \t\t\t\t        \t\t\t\t\t<li><span class=\"icon-edit\"><\/span>CDI<\/li>\n        \t\t\t\t        \t\t\t\t        \t\t\t\t\t<li><span class=\"icon-clock\"><\/span>ASAP<\/li>\n        \t\t\t\t        \t\t\t\t        \t\t\t\t\t<li><span class=\"icon-location\"><\/span>Gentilly<\/li>\n        \t\t\t\t        \t\t\t\t        \t\t\t\t\t<li><span class=\"icon-college\"><\/span>Bac +5 \/ Master<\/li>\n        \t\t\t\t        \t\t\t\t        \t\t\t\t\t<li><span class=\"icon-suitcase\"><\/span>10+ ans<\/li>\n        \t\t\t\t        \t\t\t<\/ul>\n    \t\t\t\t<div class=\"wp-block-buttons is-content-justification-center\">\n        \t\t\t\t                        \t<div class=\"entry-actions\">\n                        \t\t<a class=\"btn btn-primary\" href=\"https:\/\/www.welcometothejungle.com\/fr\/companies\/bilberry\/jobs\/ingenieur-mecatronique-h-f_gentilly\" target=\"_blank\">See the offer<\/a>\n                        \t<\/div>\n        \t\t\t\t    \t\t\t\t<\/div>\n    \t\t\t<\/div>\n    \t\t<\/div>\n        <\/div>\n\t\t<\/div>\n\n\n\n\n<div class=\"wp-block-group sideways is-layout-flow\"><div class=\"wp-block-group__inner-container\">\n<h4 class=\"text-light has-cello-color has-text-color wp-block-heading\" id=\"block-bcf84bac-979a-47fa-81e5-83e82bd2027b\"><strong>D\u00c9COUVREZ NOS BUREAUX<\/strong><\/h4>\n\n\n\n<div class=\"wp-block-group slideshow is-layout-flow\"><div class=\"wp-block-group__inner-container\">\n<figure class=\"wp-block-image size-full\"><img decoding=\"async\" loading=\"lazy\" width=\"789\" height=\"297\" src=\"https:\/\/bilberry.io\/fr\/wp-content\/uploads\/sites\/2\/2021\/11\/04.jpg\" alt=\"\" class=\"wp-image-934\" srcset=\"https:\/\/bilberry.io\/fr\/wp-content\/uploads\/sites\/2\/2021\/11\/04.jpg 789w, https:\/\/bilberry.io\/fr\/wp-content\/uploads\/sites\/2\/2021\/11\/04-300x113.jpg 300w, https:\/\/bilberry.io\/fr\/wp-content\/uploads\/sites\/2\/2021\/11\/04-768x289.jpg 768w\" sizes=\"(max-width: 789px) 100vw, 789px\" \/><\/figure>\n\n\n\n<figure class=\"wp-block-image size-large\"><img decoding=\"async\" loading=\"lazy\" width=\"427\" height=\"297\" src=\"https:\/\/bilberry.io\/fr\/wp-content\/uploads\/sites\/2\/2021\/09\/career-2.jpg\" alt=\"\" class=\"wp-image-642\" srcset=\"https:\/\/bilberry.io\/fr\/wp-content\/uploads\/sites\/2\/2021\/09\/career-2.jpg 427w, https:\/\/bilberry.io\/fr\/wp-content\/uploads\/sites\/2\/2021\/09\/career-2-300x209.jpg 300w\" sizes=\"(max-width: 427px) 100vw, 427px\" \/><\/figure>\n\n\n\n<figure class=\"wp-block-image size-large\"><img decoding=\"async\" loading=\"lazy\" width=\"1024\" height=\"653\" src=\"https:\/\/bilberry.io\/fr\/wp-content\/uploads\/sites\/2\/2021\/11\/011-1024x653.jpg\" alt=\"\" class=\"wp-image-936\" srcset=\"https:\/\/bilberry.io\/fr\/wp-content\/uploads\/sites\/2\/2021\/11\/011-1024x653.jpg 1024w, https:\/\/bilberry.io\/fr\/wp-content\/uploads\/sites\/2\/2021\/11\/011-300x191.jpg 300w, https:\/\/bilberry.io\/fr\/wp-content\/uploads\/sites\/2\/2021\/11\/011-768x490.jpg 768w, https:\/\/bilberry.io\/fr\/wp-content\/uploads\/sites\/2\/2021\/11\/011.jpg 1500w\" sizes=\"(max-width: 1024px) 100vw, 1024px\" \/><\/figure>\n<\/div><\/div>\n<\/div><\/div>\n\n\n\n<div class=\"wp-block-group sideways-reverse is-layout-flow\"><div class=\"wp-block-group__inner-container\">\n<h4 class=\"text-light has-cello-color has-text-color wp-block-heading\"><strong>NOS EMPLOY\u00c9S T\u00c9MOIGNENT<\/strong><\/h4>\n\n\n\n<div class=\"wp-block-group slideshow slideshow-dots is-layout-flow\"><div class=\"wp-block-group__inner-container\">\n<figure class=\"wp-block-embed aligncenter is-type-video is-provider-youtube wp-block-embed-youtube wp-embed-aspect-16-9 wp-has-aspect-ratio\"><div class=\"wp-block-embed__wrapper\">\n<iframe loading=\"lazy\" title=\"De\u0301couvrez Bilberry avec Loi\u0308c, AI Engineer\" width=\"500\" height=\"281\" src=\"https:\/\/www.youtube.com\/embed\/1UJ4eqIdHGQ?feature=oembed\" frameborder=\"0\" allow=\"accelerometer; autoplay; clipboard-write; encrypted-media; gyroscope; picture-in-picture\" allowfullscreen><\/iframe>\n<\/div><\/figure>\n\n\n\n<figure class=\"wp-block-embed is-type-video is-provider-youtube wp-block-embed-youtube wp-embed-aspect-16-9 wp-has-aspect-ratio\"><div class=\"wp-block-embed__wrapper\">\n<iframe loading=\"lazy\" title=\"De\u0301couvrez Bilberry avec Guillaume, Founder &amp; CEO\" width=\"500\" height=\"281\" src=\"https:\/\/www.youtube.com\/embed\/Ts6_3itHBO4?start=21&#038;feature=oembed\" frameborder=\"0\" allow=\"accelerometer; autoplay; clipboard-write; encrypted-media; gyroscope; picture-in-picture\" allowfullscreen><\/iframe>\n<\/div><\/figure>\n<\/div><\/div>\n<\/div><\/div>\n\n\n\n<div class=\"wp-block-buttons is-content-justification-center is-layout-flex\">\n<div class=\"wp-block-button\"><a class=\"wp-block-button__link\">D\u00c9COUVREZ NOTRE \u00c9QUIPE<\/a><\/div>\n<\/div>\n<\/div><\/div>\n","protected":false},"excerpt":{"rendered":"<p>Nous sommes constamment \u00e0 la recherche de nouveaux talents, passionn\u00e9s par la [&hellip;]<\/p>\n","protected":false},"author":1,"featured_media":950,"parent":0,"menu_order":0,"comment_status":"closed","ping_status":"closed","template":"","meta":{"inline_featured_image":false},"acf":[],"_links":{"self":[{"href":"https:\/\/bilberry.io\/fr\/wp-json\/wp\/v2\/pages\/41"}],"collection":[{"href":"https:\/\/bilberry.io\/fr\/wp-json\/wp\/v2\/pages"}],"about":[{"href":"https:\/\/bilberry.io\/fr\/wp-json\/wp\/v2\/types\/page"}],"author":[{"embeddable":true,"href":"https:\/\/bilberry.io\/fr\/wp-json\/wp\/v2\/users\/1"}],"replies":[{"embeddable":true,"href":"https:\/\/bilberry.io\/fr\/wp-json\/wp\/v2\/comments?post=41"}],"version-history":[{"count":6,"href":"https:\/\/bilberry.io\/fr\/wp-json\/wp\/v2\/pages\/41\/revisions"}],"predecessor-version":[{"id":949,"href":"https:\/\/bilberry.io\/fr\/wp-json\/wp\/v2\/pages\/41\/revisions\/949"}],"wp:featuredmedia":[{"embeddable":true,"href":"https:\/\/bilberry.io\/fr\/wp-json\/wp\/v2\/media\/950"}],"wp:attachment":[{"href":"https:\/\/bilberry.io\/fr\/wp-json\/wp\/v2\/media?parent=41"}],"curies":[{"name":"wp","href":"https:\/\/api.w.org\/{rel}","templated":true}]}}