{"id":35,"date":"2021-04-08T09:05:02","date_gmt":"2021-04-08T09:05:02","guid":{"rendered":"http:\/\/bilberry.ag\/?page_id=35"},"modified":"2021-12-15T22:52:19","modified_gmt":"2021-12-15T22:52:19","slug":"presentation","status":"publish","type":"page","link":"https:\/\/bilberry.io\/fr\/presentation\/","title":{"rendered":"Pr\u00e9sentation"},"content":{"rendered":"\n<div class=\"wp-block-group container intro is-layout-flow\"><div class=\"wp-block-group__inner-container\">\n<div class=\"wp-block-columns wide is-layout-flex wp-container-3\">\n<div class=\"wp-block-column is-layout-flow\">\n<p class=\"has-text-align-right\">Chez Bilberry, nous aimons apprendre, collaborer et grandir en tant qu\u2019\u00e9quipe. <meta charset=\"utf-8\">D\u00e9couvrez pourquoi nous avons cr\u00e9\u00e9 Bilberry et notre parcours depuis.<\/p>\n<\/div>\n\n\n\n<div class=\"wp-block-column is-layout-flow\">\n<p>Apprenez \u00e0 conna\u00eetre notre \u00e9quipe et la diversit\u00e9 des missions au sein de notre entreprise &#8211; vous pourriez m\u00eame vous imaginer rejoindre vous-m\u00eame cette \u00e9quipe !<\/p>\n<\/div>\n<\/div>\n\n\n<svg class=\"separator\" xmlns=\"http:\/\/www.w3.org\/2000\/svg\" viewBox=\"0 0 26 97.2\" data-inviewport=\"dash\">\n  <path d=\"M13 0v68.6m12 6.8l-12.1-6.8L1 75.4v13.7L12.9 96 25 89.1V75.4z\" fill=\"none\" stroke=\"#2a5a80\" stroke-width=\"2\" stroke-linecap=\"round\" stroke-linejoin=\"round\" stroke-miterlimit=\"10\"\/>\n<\/svg>\n<\/div><\/div>\n\n\n\n<div class=\"wp-block-group container is-layout-flow\"><div class=\"wp-block-group__inner-container\">\n<h2 class=\"has-text-align-center has-sushi-color has-text-color wp-block-heading\"><strong>QUELQUES MOTS SUR NOUS<\/strong><\/h2>\n\n\n\n<div class=\"wp-block-columns wide is-layout-flex wp-container-7\">\n<div class=\"wp-block-column is-layout-flow\">\n<h3 class=\"underline has-cello-color has-text-color wp-block-heading\"><strong>Notre histoire<\/strong>&#8230;<\/h3>\n\n\n\n<p>Notre mission est d&rsquo;accompagner les agriculteurs vers une agriculture plus durable. Notre technologie permet de r\u00e9duire drastiquement l\u2019utilisation des pesticides, tout en am\u00e9liorant la qualit\u00e9 de production et la profitabilit\u00e9 des agriculteurs.<\/p>\n\n\n\n<p>Fond\u00e9e en 2016, Bilberry d\u00e9bute quand les trois copains de classe <strong>Guillaume Jourdain, Hugo Serrat et Jules Beguerie<\/strong> ont l\u2019id\u00e9e de d\u00e9velopper une solution \u00e0 base d\u2019intelligence artificielle appliqu\u00e9e au secteur agricole. \u00c9tant bas\u00e9 en France, un pays avec un long pass\u00e9 agricole, nous avons rencontr\u00e9 des agriculteurs pour discuter de leurs challenges quotidiens et avons identifi\u00e9 les deux probl\u00e8mes principaux : la sur-utilisation des herbicides, avec leurs co\u00fbts associ\u00e9s et l\u2019impact environnemental, ainsi que la r\u00e9sistance des mauvaises herbes dans les champs.<\/p>\n\n\n\n<p><\/p>\n<\/div>\n\n\n\n<div class=\"wp-block-column is-layout-flow\">\n<h3 class=\"has-text-align-right underline reverse has-cello-color has-text-color wp-block-heading\"><strong>\u2026 et notre \u00e9volution<\/strong><\/h3>\n\n\n\n<p>Gr\u00e2ce \u00e0 <strong>la confiance des agriculteurs<\/strong> avec lesquels nous avons \u00e9chang\u00e9, l\u2019id\u00e9e de notre syst\u00e8me de pulv\u00e9risation cibl\u00e9e s\u2019est rapidement transform\u00e9e en un produit commercial. Depuis, <strong>l\u2019\u00e9quipe n\u2019a cess\u00e9 de grandir<\/strong> et nous travaillons main dans la main avec les fabricants de pulv\u00e9risateurs leaders sur le march\u00e9 pour aider les agriculteurs et la plan\u00e8te.<\/p>\n\n\n\n<p>Notre histoire ne fait que commencer et nous recherchons et d\u00e9veloppons constamment de nouvelles solutions pour r\u00e9pondre aux diff\u00e9rents besoins des agriculteurs et relever de nouveaux d\u00e9fis.<\/p>\n<\/div>\n<\/div>\n\n\n<svg class=\"separator\" xmlns=\"http:\/\/www.w3.org\/2000\/svg\" viewBox=\"0 0 26 97.2\" data-inviewport=\"dash\">\n  <path d=\"M13 0v68.6m12 6.8l-12.1-6.8L1 75.4v13.7L12.9 96 25 89.1V75.4z\" fill=\"none\" stroke=\"#2a5a80\" stroke-width=\"2\" stroke-linecap=\"round\" stroke-linejoin=\"round\" stroke-miterlimit=\"10\"\/>\n<\/svg>\n\n\n\n<div class=\"wp-block-group alignwide container-light is-layout-flow\" id=\"visit-our-place\"><div class=\"wp-block-group__inner-container\">\n<div class=\"wp-block-group container is-layout-flow\"><div class=\"wp-block-group__inner-container\">\n<div class=\"wp-block-columns is-layout-flex wp-container-10\">\n<div class=\"wp-block-column is-layout-flow\">\n<h3 class=\"underline full-width has-sushi-color has-text-color wp-block-heading\"><strong><strong>VISITEZ NOS LOCAUX<\/strong><\/strong><br>o\u00f9 toute la technologie Bilberry est con\u00e7ue<\/h3>\n<\/div>\n\n\n\n<div class=\"wp-block-column is-layout-flow\"><\/div>\n<\/div>\n\n\n\n<div class=\"wp-block-columns triptych is-layout-flex wp-container-14\">\n<div class=\"wp-block-column is-vertically-aligned-bottom is-layout-flow\">\n<div class=\"wp-block-image\"><figure class=\"aligncenter size-full\"><img decoding=\"async\" loading=\"lazy\" width=\"397\" height=\"430\" src=\"https:\/\/bilberry.io\/fr\/wp-content\/uploads\/sites\/2\/2021\/10\/018.jpg\" alt=\"\" class=\"wp-image-921\" srcset=\"https:\/\/bilberry.io\/fr\/wp-content\/uploads\/sites\/2\/2021\/10\/018.jpg 397w, https:\/\/bilberry.io\/fr\/wp-content\/uploads\/sites\/2\/2021\/10\/018-277x300.jpg 277w\" sizes=\"(max-width: 397px) 100vw, 397px\" \/><\/figure><\/div>\n<\/div>\n\n\n\n<div class=\"wp-block-column is-vertically-aligned-bottom is-layout-flow\">\n<div class=\"wp-block-image\"><figure class=\"aligncenter size-full\"><img decoding=\"async\" loading=\"lazy\" width=\"377\" height=\"359\" src=\"https:\/\/bilberry.io\/fr\/wp-content\/uploads\/sites\/2\/2021\/10\/022.jpg\" alt=\"\" class=\"wp-image-920\" srcset=\"https:\/\/bilberry.io\/fr\/wp-content\/uploads\/sites\/2\/2021\/10\/022.jpg 377w, https:\/\/bilberry.io\/fr\/wp-content\/uploads\/sites\/2\/2021\/10\/022-300x286.jpg 300w\" sizes=\"(max-width: 377px) 100vw, 377px\" \/><\/figure><\/div>\n<\/div>\n\n\n\n<div class=\"wp-block-column is-vertically-aligned-bottom is-layout-flow\">\n<div class=\"wp-block-image\"><figure class=\"aligncenter size-full\"><img decoding=\"async\" src=\"https:\/\/bilberry.io\/fr\/wp-content\/uploads\/sites\/2\/2021\/09\/presentation-3.jpg\" alt=\"\" class=\"wp-image-688\"\/><\/figure><\/div>\n<\/div>\n<\/div>\n<\/div><\/div>\n<\/div><\/div>\n\n\n\n<h2 class=\"has-text-align-center has-sushi-color has-text-color wp-block-heading\"><strong>RENCONTREZ L&rsquo;\u00c9QUIPE<\/strong><\/h2>\n\n\n\n<div class=\"wp-block-group team is-layout-flow\"><div class=\"wp-block-group__inner-container\">\n<div class=\"wp-block-columns is-layout-flex wp-container-21\">\n<div class=\"wp-block-column employee is-layout-flow\">\n<p>Co-Founder &amp; CEO<\/p>\n\n\n\n<figure class=\"wp-block-image size-full\"><img decoding=\"async\" src=\"https:\/\/bilberry.io\/wp-content\/uploads\/2021\/10\/gui.jpeg\" alt=\"\" class=\"wp-image-896\"\/><figcaption>Guillaume Jourdain<\/figcaption><\/figure>\n<\/div>\n\n\n\n<div class=\"wp-block-column employee is-layout-flow\">\n<p>Co-Founder<\/p>\n\n\n\n<figure class=\"wp-block-image size-full\"><img decoding=\"async\" src=\"https:\/\/bilberry.io\/wp-content\/uploads\/2021\/10\/035.jpg\" alt=\"\" class=\"wp-image-874\"\/><figcaption>Hugo Serrat<\/figcaption><\/figure>\n<\/div>\n\n\n\n<div class=\"wp-block-column employee is-layout-flow\">\n<p>Co-Founder<\/p>\n\n\n\n<figure class=\"wp-block-image size-full\"><img decoding=\"async\" src=\"https:\/\/bilberry.io\/wp-content\/uploads\/2021\/10\/030.jpg\" alt=\"\" class=\"wp-image-868\"\/><figcaption>Jules Beguerie<\/figcaption><\/figure>\n<\/div>\n\n\n\n<div class=\"wp-block-column employee is-layout-flow\">\n<p>Chief Financial Officer<\/p>\n\n\n\n<figure class=\"wp-block-image size-full\"><img decoding=\"async\" src=\"https:\/\/bilberry.io\/wp-content\/uploads\/2021\/10\/033.jpg\" alt=\"\" class=\"wp-image-869\"\/><figcaption>Alban Rapp<\/figcaption><\/figure>\n<\/div>\n<\/div>\n\n\n\n<div class=\"wp-block-columns is-layout-flex wp-container-26\">\n<div class=\"wp-block-column employee is-layout-flow\">\n<p>Australian Sales Manager<\/p>\n\n\n\n<figure class=\"wp-block-image size-full\"><img decoding=\"async\" src=\"https:\/\/bilberry.io\/wp-content\/uploads\/2021\/11\/Picture-1.png\" alt=\"\" class=\"wp-image-975\"\/><figcaption>Josh Johnson<\/figcaption><\/figure>\n<\/div>\n\n\n\n<div class=\"wp-block-column employee is-layout-flow\">\n<p>Account Manager<\/p>\n\n\n\n<figure class=\"wp-block-image size-full\"><img decoding=\"async\" src=\"https:\/\/bilberry.io\/wp-content\/uploads\/2021\/10\/046.jpg\" alt=\"\" class=\"wp-image-875\"\/><figcaption>Kenza Bounichane<\/figcaption><\/figure>\n<\/div>\n\n\n\n<div class=\"wp-block-column employee is-layout-flow\">\n<p>AI Lead<\/p>\n\n\n\n<figure class=\"wp-block-image size-full\"><img decoding=\"async\" src=\"https:\/\/bilberry.io\/wp-content\/uploads\/2021\/09\/employee-loic.jpg\" alt=\"\" class=\"wp-image-772\"\/><figcaption>Lo\u00efc Steunou<\/figcaption><\/figure>\n<\/div>\n\n\n\n<div class=\"wp-block-column employee is-layout-flow\">\n<p>Cloud Engineer<\/p>\n\n\n\n<figure class=\"wp-block-image size-full\"><img decoding=\"async\" src=\"https:\/\/bilberry.io\/wp-content\/uploads\/2021\/10\/044.jpg\" alt=\"\" class=\"wp-image-870\"\/><figcaption>Julie Agopian<\/figcaption><\/figure>\n<\/div>\n<\/div>\n\n\n\n<div class=\"wp-block-columns is-layout-flex wp-container-31\">\n<div class=\"wp-block-column employee is-layout-flow\">\n<p>AI Engineer<\/p>\n\n\n\n<figure class=\"wp-block-image size-full is-resized\"><img decoding=\"async\" loading=\"lazy\" src=\"https:\/\/bilberry.io\/wp-content\/uploads\/2021\/10\/037.jpg\" alt=\"\" class=\"wp-image-873\" width=\"240\" height=\"240\"\/><figcaption>Duc Anh Luu<\/figcaption><\/figure>\n<\/div>\n\n\n\n<div class=\"wp-block-column employee is-layout-flow\">\n<p>AI Engineer<\/p>\n\n\n\n<figure class=\"wp-block-image size-full is-resized\"><img decoding=\"async\" loading=\"lazy\" src=\"https:\/\/bilberry.io\/wp-content\/uploads\/2021\/10\/042.jpg\" alt=\"\" class=\"wp-image-871\" width=\"240\" height=\"240\"\/><figcaption>Yasmine Arezki<\/figcaption><\/figure>\n<\/div>\n\n\n\n<div class=\"wp-block-column employee is-layout-flow\">\n<p>Software Engineer<\/p>\n\n\n\n<figure class=\"wp-block-image size-full is-resized\"><img decoding=\"async\" loading=\"lazy\" src=\"https:\/\/bilberry.io\/wp-content\/uploads\/2021\/10\/039.jpg\" alt=\"\" class=\"wp-image-872\" width=\"240\" height=\"240\"\/><figcaption>Anish Monachan<\/figcaption><\/figure>\n\n\n\n<p><\/p>\n<\/div>\n\n\n\n<div class=\"wp-block-column employee is-layout-flow\">\n<p>Australian Product Specialist<\/p>\n\n\n\n<figure class=\"wp-block-image size-large is-resized\"><img decoding=\"async\" loading=\"lazy\" src=\"https:\/\/bilberry.io\/wp-content\/uploads\/2021\/11\/myrtille-1-1024x1024.png\" alt=\"\" class=\"wp-image-952\" width=\"240\" height=\"240\"\/><figcaption>Pierre Rouchaud<\/figcaption><\/figure>\n<\/div>\n<\/div>\n<\/div><\/div>\n\n\n\n<div class=\"wp-block-columns is-layout-flex wp-container-37\">\n<div class=\"wp-block-column employee is-layout-flow\">\n<p>Application Manager<\/p>\n\n\n\n<figure class=\"wp-block-image size-large is-resized\"><img decoding=\"async\" loading=\"lazy\" src=\"https:\/\/bilberry.io\/wp-content\/uploads\/2021\/11\/myrtille-1-1024x1024.png\" alt=\"\" class=\"wp-image-952\" width=\"240\" height=\"240\"\/><figcaption>Victor Pouget<\/figcaption><\/figure>\n<\/div>\n\n\n\n<div class=\"wp-block-column employee is-layout-flow\">\n<p>European Product Specialist<\/p>\n\n\n\n<figure class=\"wp-block-image size-large is-resized\"><img decoding=\"async\" loading=\"lazy\" src=\"https:\/\/bilberry.io\/wp-content\/uploads\/2021\/11\/myrtille-1-1024x1024.png\" alt=\"\" class=\"wp-image-952\" width=\"240\" height=\"240\"\/><figcaption>Adrien Persuy<\/figcaption><\/figure>\n<\/div>\n\n\n\n<div class=\"wp-block-column employee is-layout-flow\">\n<p>Embedded Software Lead<\/p>\n\n\n\n<figure class=\"wp-block-image size-large is-resized\"><img decoding=\"async\" loading=\"lazy\" src=\"https:\/\/bilberry.io\/wp-content\/uploads\/2021\/11\/myrtille-1-1024x1024.png\" alt=\"\" class=\"wp-image-952\" width=\"240\" height=\"240\"\/><figcaption>Camille Demasson<\/figcaption><\/figure>\n<\/div>\n\n\n\n<div class=\"wp-block-column employee is-layout-flow\">\n<p>Software Developer<\/p>\n\n\n\n<figure class=\"wp-block-image size-large is-resized\"><img decoding=\"async\" loading=\"lazy\" src=\"https:\/\/bilberry.io\/wp-content\/uploads\/2021\/11\/myrtille-1-1024x1024.png\" alt=\"\" class=\"wp-image-952\" width=\"240\" height=\"240\"\/><figcaption>Perceval Arenou<\/figcaption><\/figure>\n<\/div>\n<\/div>\n\n\n\n<div class=\"wp-block-columns is-layout-flex wp-container-42\">\n<div class=\"wp-block-column employee is-layout-flow\">\n<p>Product Manager&nbsp;<\/p>\n\n\n\n<figure class=\"wp-block-image size-large is-resized\"><img decoding=\"async\" loading=\"lazy\" src=\"https:\/\/bilberry.io\/wp-content\/uploads\/2021\/11\/myrtille-1-1024x1024.png\" alt=\"\" class=\"wp-image-952\" width=\"240\" height=\"240\"\/><figcaption>Pierre-Olivier Ombret<\/figcaption><\/figure>\n<\/div>\n\n\n\n<div class=\"wp-block-column employee is-layout-flow\">\n<p>AI Engineer&nbsp;<\/p>\n\n\n\n<figure class=\"wp-block-image size-large is-resized\"><img decoding=\"async\" loading=\"lazy\" src=\"https:\/\/bilberry.io\/wp-content\/uploads\/2021\/11\/myrtille-1-1024x1024.png\" alt=\"\" class=\"wp-image-952\" width=\"240\" height=\"240\"\/><figcaption>Duc Nguyen Duong<\/figcaption><\/figure>\n<\/div>\n\n\n\n<div class=\"wp-block-column employee is-layout-flow\">\n<p>Software Engineer&nbsp;<\/p>\n\n\n\n<figure class=\"wp-block-image size-large is-resized\"><img decoding=\"async\" loading=\"lazy\" src=\"https:\/\/bilberry.io\/wp-content\/uploads\/2021\/11\/myrtille-1-1024x1024.png\" alt=\"\" class=\"wp-image-952\" width=\"240\" height=\"240\"\/><figcaption><meta charset=\"utf-8\">Adrien Gabillaud<\/figcaption><\/figure>\n<\/div>\n\n\n\n<div class=\"wp-block-column employee is-layout-flow\">\n<p><\/p>\n<\/div>\n<\/div>\n\n\n\n<p>                    <\/p>\n\n\n\n<p><br><\/p>\n<\/div><\/div>\n\n\n\n<p>  <\/p>\n\n\n\n<h2 class=\"has-text-align-center has-sushi-color has-text-color wp-block-heading\"><br><strong>ILS NOUS<\/strong> ACCOMPAGNEMENTS<\/h2>\n\n\n\n<div class=\"wp-block-columns is-layout-flex wp-container-59\">\n<div class=\"wp-block-column is-layout-flow\">\n<div class=\"wp-block-group container-feature is-layout-flow\"><div class=\"wp-block-group__inner-container\">\n<div class=\"wp-block-image\"><figure class=\"aligncenter size-large is-resized\"><img decoding=\"async\" loading=\"lazy\" src=\"https:\/\/bilberry.io\/wp-content\/uploads\/2021\/11\/iledefrance-1-1024x1020.png\" alt=\"\" class=\"wp-image-943\" width=\"120\" height=\"120\"\/><\/figure><\/div>\n\n\n\n<p class=\"has-text-align-center display-3 has-sushi-color has-text-color\"><strong><strong>ILE DE FRANCE<\/strong><\/strong><\/p>\n\n\n\n<p class=\"has-text-align-center\"><\/p>\n\n\n\n<div class=\"wp-block-buttons is-content-justification-center is-layout-flex\">\n<div class=\"wp-block-button\"><a class=\"wp-block-button__link\" href=\"https:\/\/www.iledefrance.fr\/\" target=\"_blank\" rel=\"noreferrer noopener\">VISIT THE WEBSITE<\/a><\/div>\n<\/div>\n<\/div><\/div>\n\n\n\n<p>  <\/p>\n\n\n\n<div class=\"wp-block-group container-feature is-layout-flow\"><div class=\"wp-block-group__inner-container\">\n<div class=\"wp-block-image\"><figure class=\"aligncenter size-full\"><img decoding=\"async\" src=\"https:\/\/bilberry.io\/wp-content\/uploads\/2021\/11\/Logo-Bpifrance-e1638278103814.png\" alt=\"\" class=\"wp-image-948\"\/><\/figure><\/div>\n\n\n\n<p class=\"has-text-align-center display-3 has-sushi-color has-text-color\"><strong><strong>BPI<\/strong><\/strong><\/p>\n\n\n\n<p class=\"has-text-align-center\"><\/p>\n\n\n\n<div class=\"wp-block-buttons is-content-justification-center is-layout-flex\">\n<div class=\"wp-block-button\"><a class=\"wp-block-button__link\" href=\"https:\/\/www.bpifrance.fr\/\" target=\"_blank\" rel=\"noreferrer noopener\">VISIT THE WEBSITE<\/a><\/div>\n<\/div>\n<\/div><\/div>\n<\/div>\n\n\n\n<div class=\"wp-block-column is-layout-flow\">\n<div class=\"wp-block-group container-feature is-layout-flow\"><div class=\"wp-block-group__inner-container\">\n<div class=\"wp-block-image\"><figure class=\"aligncenter size-large is-resized\"><img decoding=\"async\" loading=\"lazy\" src=\"https:\/\/bilberry.io\/wp-content\/uploads\/2021\/11\/parisregion-1024x1024.png\" alt=\"\" class=\"wp-image-946\" width=\"120\" height=\"120\"\/><\/figure><\/div>\n\n\n\n<p class=\"has-text-align-center display-3 has-sushi-color has-text-color\"><strong><strong>PARIS REGION<\/strong><\/strong><\/p>\n\n\n\n<p class=\"has-text-align-center\"><\/p>\n\n\n\n<div class=\"wp-block-buttons is-content-justification-center is-layout-flex\">\n<div class=\"wp-block-button\"><a class=\"wp-block-button__link\" href=\"https:\/\/parisregion.eu\/\" target=\"_blank\" rel=\"noreferrer noopener\">VISIT THE WEBSITE<\/a><\/div>\n<\/div>\n<\/div><\/div>\n\n\n\n<p>  <\/p>\n\n\n\n<div class=\"wp-block-group container-feature is-layout-flow\"><div class=\"wp-block-group__inner-container\">\n<div class=\"wp-block-image\"><figure class=\"aligncenter size-full is-resized\"><img decoding=\"async\" loading=\"lazy\" src=\"https:\/\/bilberry.io\/wp-content\/uploads\/2021\/12\/greentech.png\" alt=\"\" class=\"wp-image-994\" width=\"120\" height=\"120\"\/><\/figure><\/div>\n\n\n\n<p class=\"has-text-align-center display-3 has-sushi-color has-text-color\"><strong><strong>GREENTECH<\/strong><\/strong><\/p>\n\n\n\n<p class=\"has-text-align-center\"><\/p>\n\n\n\n<div class=\"wp-block-buttons is-content-justification-center is-layout-flex\">\n<div class=\"wp-block-button\"><a class=\"wp-block-button__link\" href=\"https:\/\/greentech-innovation.welcomekit.co\/\" target=\"_blank\" rel=\"noreferrer noopener\">VISIT THE WEBSITE<\/a><\/div>\n<\/div>\n<\/div><\/div>\n<\/div>\n\n\n\n<div class=\"wp-block-column is-layout-flow\">\n<div class=\"wp-block-group container-feature is-layout-flow\"><div class=\"wp-block-group__inner-container\">\n<div class=\"wp-block-image\"><figure class=\"aligncenter size-full is-resized\"><img decoding=\"async\" loading=\"lazy\" src=\"https:\/\/bilberry.io\/fr\/wp-content\/uploads\/sites\/2\/2021\/12\/nvidia-inception-logo-3.png\" alt=\"\" class=\"wp-image-993\" width=\"120\" height=\"120\" srcset=\"https:\/\/bilberry.io\/fr\/wp-content\/uploads\/sites\/2\/2021\/12\/nvidia-inception-logo-3.png 299w, https:\/\/bilberry.io\/fr\/wp-content\/uploads\/sites\/2\/2021\/12\/nvidia-inception-logo-3-150x150.png 150w\" sizes=\"(max-width: 120px) 100vw, 120px\" \/><\/figure><\/div>\n\n\n\n<p class=\"has-text-align-center display-3 has-sushi-color has-text-color\"><strong><strong>NVIDIA<\/strong><\/strong><\/p>\n\n\n\n<p class=\"has-text-align-center\"><\/p>\n\n\n\n<div class=\"wp-block-buttons is-content-justification-center is-layout-flex\">\n<div class=\"wp-block-button\"><a class=\"wp-block-button__link\" href=\"https:\/\/subventions.fr\/guide-des-aides\/pmup\/\" target=\"_blank\" rel=\"noreferrer noopener\">VISIT THE WEBSITE<\/a><\/div>\n<\/div>\n<\/div><\/div>\n\n\n\n<p><\/p>\n\n\n\n<div class=\"wp-block-group container-feature is-layout-flow\"><div class=\"wp-block-group__inner-container\">\n<div class=\"wp-block-image\"><figure class=\"aligncenter size-large is-resized\"><img decoding=\"async\" loading=\"lazy\" src=\"https:\/\/bilberry.io\/wp-content\/uploads\/2021\/11\/pmup-1024x1019.png\" alt=\"\" class=\"wp-image-947\" width=\"120\" height=\"120\"\/><\/figure><\/div>\n\n\n\n<p class=\"has-text-align-center display-3 has-sushi-color has-text-color\"><strong><strong>PMUP<\/strong><\/strong><\/p>\n\n\n\n<p class=\"has-text-align-center\"><\/p>\n\n\n\n<div class=\"wp-block-buttons is-content-justification-center is-layout-flex\">\n<div class=\"wp-block-button\"><a class=\"wp-block-button__link\" href=\"https:\/\/subventions.fr\/guide-des-aides\/pmup\/\" target=\"_blank\" rel=\"noreferrer noopener\">VISIT THE WEBSITE<\/a><\/div>\n<\/div>\n<\/div><\/div>\n\n\n\n<p> <\/p>\n<\/div>\n<\/div>\n","protected":false},"excerpt":{"rendered":"<p>Chez Bilberry, nous aimons apprendre, collaborer et grandir en tant qu\u2019\u00e9quipe. D\u00e9couvrez [&hellip;]<\/p>\n","protected":false},"author":1,"featured_media":956,"parent":0,"menu_order":0,"comment_status":"closed","ping_status":"closed","template":"page-presentation.php","meta":{"inline_featured_image":false},"acf":[],"_links":{"self":[{"href":"https:\/\/bilberry.io\/fr\/wp-json\/wp\/v2\/pages\/35"}],"collection":[{"href":"https:\/\/bilberry.io\/fr\/wp-json\/wp\/v2\/pages"}],"about":[{"href":"https:\/\/bilberry.io\/fr\/wp-json\/wp\/v2\/types\/page"}],"author":[{"embeddable":true,"href":"https:\/\/bilberry.io\/fr\/wp-json\/wp\/v2\/users\/1"}],"replies":[{"embeddable":true,"href":"https:\/\/bilberry.io\/fr\/wp-json\/wp\/v2\/comments?post=35"}],"version-history":[{"count":16,"href":"https:\/\/bilberry.io\/fr\/wp-json\/wp\/v2\/pages\/35\/revisions"}],"predecessor-version":[{"id":994,"href":"https:\/\/bilberry.io\/fr\/wp-json\/wp\/v2\/pages\/35\/revisions\/994"}],"wp:featuredmedia":[{"embeddable":true,"href":"https:\/\/bilberry.io\/fr\/wp-json\/wp\/v2\/media\/956"}],"wp:attachment":[{"href":"https:\/\/bilberry.io\/fr\/wp-json\/wp\/v2\/media?parent=35"}],"curies":[{"name":"wp","href":"https:\/\/api.w.org\/{rel}","templated":true}]}}