{"id":27,"date":"2021-04-08T09:03:00","date_gmt":"2021-04-08T09:03:00","guid":{"rendered":"http:\/\/bilberry.ag\/?page_id=27"},"modified":"2022-06-28T08:49:05","modified_gmt":"2022-06-28T07:49:05","slug":"find-your-dealer","status":"publish","type":"page","link":"https:\/\/bilberry.io\/fr\/find-your-dealer\/","title":{"rendered":"Trouvez votre revendeur"},"content":{"rendered":"\n<div class=\"wp-block-group container intro is-layout-flow\"><div class=\"wp-block-group__inner-container\">\n<div class=\"wp-block-columns wide is-layout-flex wp-container-3\">\n<div class=\"wp-block-column is-layout-flow\">\n<p class=\"has-text-align-right\">Nous nous sommes associ\u00e9s aux fabricants de pulv\u00e9risateurs leaders dans le monde pour assurer les meilleurs r\u00e9sultats. Cliquez ci-dessous pour visiter leurs sites internet et en savoir plus sur leur expertise.<\/p>\n<\/div>\n\n\n\n<div class=\"wp-block-column is-layout-flow\">\n<p>Si vous avez des questions concernant la compatibilit\u00e9 de leurs pulv\u00e9risateurs avec notre syst\u00e8me, n&rsquo;h\u00e9sitez pas \u00e0 nous contacter en remplissant le formulaire au bas de la page.<\/p>\n<\/div>\n<\/div>\n\n\n<svg class=\"separator\" xmlns=\"http:\/\/www.w3.org\/2000\/svg\" viewBox=\"0 0 26 97.2\" data-inviewport=\"dash\">\n  <path d=\"M13 0v68.6m12 6.8l-12.1-6.8L1 75.4v13.7L12.9 96 25 89.1V75.4z\" fill=\"none\" stroke=\"#2a5a80\" stroke-width=\"2\" stroke-linecap=\"round\" stroke-linejoin=\"round\" stroke-miterlimit=\"10\"\/>\n<\/svg>\n<\/div><\/div>\n\n\n\n<div class=\"wp-block-group container is-layout-flow\"><div class=\"wp-block-group__inner-container\">\n<h2 class=\"has-text-align-center has-sushi-color has-text-color wp-block-heading\"><strong>COMMENT ACQU\u00c9RIR NOS CAM\u00c9RAS ?<\/strong><\/h2>\n\n\n\n<div class=\"wp-block-columns is-layout-flex wp-container-7\">\n<div class=\"wp-block-column is-layout-flow\">\n<h3 class=\"underline full-width has-cello-color has-text-color wp-block-heading\"><strong>Via nos partenaires<\/strong><\/h3>\n<\/div>\n\n\n\n<div class=\"wp-block-column is-layout-flow\"><\/div>\n<\/div>\n\n\n\n<div class=\"wp-block-columns is-layout-flex wp-container-17\">\n<div class=\"wp-block-column is-layout-flow\">\n<div class=\"wp-block-group container-feature is-layout-flow\"><div class=\"wp-block-group__inner-container\"><div class=\"wp-block-image\">\n<figure class=\"aligncenter size-large\"><img decoding=\"async\" src=\"https:\/\/bilberry.io\/fr\/wp-content\/uploads\/sites\/2\/2021\/09\/dealer-agrifac.png\" alt=\"\" class=\"wp-image-622\"\/><\/figure><\/div>\n\n\n<p class=\"has-text-align-center display-3 has-sushi-color has-text-color\"><strong>AGRIFAC<\/strong><\/p>\n\n\n\n<p class=\"has-text-align-center\"><\/p>\n\n\n\n<div class=\"wp-block-buttons is-horizontal is-content-justification-center is-layout-flex wp-container-8\">\n<div class=\"wp-block-button\"><a class=\"wp-block-button__link\" href=\"https:\/\/www.agrifac.com\/fr\/\" target=\"_blank\" rel=\"noreferrer noopener\">VISITEZ LE SITE<\/a><\/div>\n<\/div>\n<\/div><\/div>\n<\/div>\n\n\n\n<div class=\"wp-block-column is-layout-flow\">\n<div class=\"wp-block-group container-feature is-layout-flow\"><div class=\"wp-block-group__inner-container\"><div class=\"wp-block-image\">\n<figure class=\"aligncenter size-large\"><img decoding=\"async\" src=\"https:\/\/bilberry.io\/fr\/wp-content\/uploads\/sites\/2\/2021\/09\/dealer-goldacres.png\" alt=\"\" class=\"wp-image-625\"\/><\/figure><\/div>\n\n\n<p class=\"has-text-align-center display-3 has-sushi-color has-text-color\"><strong><strong>GOLDACRES<\/strong><\/strong><\/p>\n\n\n\n<p class=\"has-text-align-center\"><\/p>\n\n\n\n<div class=\"wp-block-buttons is-horizontal is-content-justification-center is-layout-flex wp-container-11\">\n<div class=\"wp-block-button\"><a class=\"wp-block-button__link\" href=\"https:\/\/www.goldacres.com.au\/\" target=\"_blank\" rel=\"noreferrer noopener\"><meta charset=\"utf-8\">VISITEZ LE SITE<\/a><\/div>\n<\/div>\n<\/div><\/div>\n<\/div>\n\n\n\n<div class=\"wp-block-column is-layout-flow\">\n<div class=\"wp-block-group container-feature is-layout-flow\"><div class=\"wp-block-group__inner-container\"><div class=\"wp-block-image\">\n<figure class=\"aligncenter size-large\"><img decoding=\"async\" src=\"https:\/\/bilberry.io\/fr\/wp-content\/uploads\/sites\/2\/2021\/09\/dealer-dammann.png\" alt=\"\" class=\"wp-image-624\"\/><\/figure><\/div>\n\n\n<p class=\"has-text-align-center display-3 has-sushi-color has-text-color\"><strong><strong>DAMMANN<\/strong><\/strong><\/p>\n\n\n\n<p class=\"has-text-align-center\"><\/p>\n\n\n\n<div class=\"wp-block-buttons is-horizontal is-content-justification-center is-layout-flex wp-container-14\">\n<div class=\"wp-block-button\"><a class=\"wp-block-button__link\" href=\"https:\/\/www.dammann-technik.de\/the-company\/?lang=en\" target=\"_blank\" rel=\"noreferrer noopener\"><meta charset=\"utf-8\">VISITEZ LE SITE<\/a><\/div>\n<\/div>\n<\/div><\/div>\n<\/div>\n<\/div>\n\n\n\n<div class=\"wp-block-columns is-layout-flex wp-container-23\">\n<div class=\"wp-block-column is-layout-flow\">\n<div class=\"wp-block-group container-feature is-layout-flow\"><div class=\"wp-block-group__inner-container\"><div class=\"wp-block-image\">\n<figure class=\"aligncenter size-full is-resized\"><img decoding=\"async\" loading=\"lazy\" src=\"https:\/\/bilberry.io\/wp-content\/uploads\/2021\/12\/mcintosh.png\" alt=\"\" class=\"wp-image-997\" width=\"120\" height=\"120\"\/><\/figure><\/div>\n\n\n<p class=\"has-text-align-center display-3 has-sushi-color has-text-color\"><strong>MCINTOSH &amp; SON<\/strong><\/p>\n\n\n\n<p class=\"has-text-align-center\"><\/p>\n\n\n\n<div class=\"wp-block-buttons is-horizontal is-content-justification-center is-layout-flex wp-container-18\">\n<div class=\"wp-block-button\"><a class=\"wp-block-button__link\" href=\"https:\/\/www.mcintoshandson.com.au\/\" target=\"_blank\" rel=\"noreferrer noopener\">VISIT THE WEBSITE<\/a><\/div>\n<\/div>\n<\/div><\/div>\n<\/div>\n\n\n\n<div class=\"wp-block-column is-layout-flow\"><\/div>\n\n\n\n<div class=\"wp-block-column is-layout-flow\"><\/div>\n<\/div>\n\n\n\n<div class=\"wp-block-columns is-layout-flex wp-container-26\">\n<div class=\"wp-block-column is-layout-flow\"><\/div>\n\n\n\n<div class=\"wp-block-column is-layout-flow\">\n<h3 class=\"underline reverse full-width has-cello-color has-text-color wp-block-heading\"><strong>Aupr\u00e8s de nous<\/strong><\/h3>\n\n\n\n<p><\/p>\n<\/div>\n<\/div>\n\n\n\n<div class=\"wp-block-columns is-layout-flex wp-container-30\">\n<div class=\"wp-block-column is-layout-flow\">\n<div class=\"wp-block-group container-feature is-layout-flow\"><div class=\"wp-block-group__inner-container\"><div class=\"wp-block-image\">\n<figure class=\"aligncenter size-large\"><img decoding=\"async\" src=\"https:\/\/bilberry.io\/fr\/wp-content\/uploads\/sites\/2\/2021\/09\/dealer-bilberry.png\" alt=\"\" class=\"wp-image-623\"\/><\/figure><\/div>\n\n\n<p class=\"has-text-align-center display-3 has-sushi-color has-text-color\"><strong><strong>BILBERRY<\/strong><\/strong><\/p>\n\n\n\n<p class=\"has-text-align-center\">Contactez-nous d\u00e8s aujourd\u2019hui pour obtenir plus d&rsquo;informations sur nos syst\u00e8mes de cam\u00e9ras intelligents<\/p>\n\n\n\n<div class=\"wp-block-buttons is-horizontal is-content-justification-center is-layout-flex wp-container-27\">\n<div class=\"wp-block-button\"><a class=\"wp-block-button__link\" href=\"https:\/\/bilberry.io\/contact\/\">CONTACTEZ-NOUS<\/a><\/div>\n<\/div>\n<\/div><\/div>\n<\/div>\n<\/div>\n<\/div><\/div>\n","protected":false},"excerpt":{"rendered":"<p>Nous nous sommes associ\u00e9s aux fabricants de pulv\u00e9risateurs leaders dans le monde [&hellip;]<\/p>\n","protected":false},"author":1,"featured_media":0,"parent":0,"menu_order":0,"comment_status":"closed","ping_status":"closed","template":"","meta":{"inline_featured_image":false},"acf":[],"_links":{"self":[{"href":"https:\/\/bilberry.io\/fr\/wp-json\/wp\/v2\/pages\/27"}],"collection":[{"href":"https:\/\/bilberry.io\/fr\/wp-json\/wp\/v2\/pages"}],"about":[{"href":"https:\/\/bilberry.io\/fr\/wp-json\/wp\/v2\/types\/page"}],"author":[{"embeddable":true,"href":"https:\/\/bilberry.io\/fr\/wp-json\/wp\/v2\/users\/1"}],"replies":[{"embeddable":true,"href":"https:\/\/bilberry.io\/fr\/wp-json\/wp\/v2\/comments?post=27"}],"version-history":[{"count":4,"href":"https:\/\/bilberry.io\/fr\/wp-json\/wp\/v2\/pages\/27\/revisions"}],"predecessor-version":[{"id":1010,"href":"https:\/\/bilberry.io\/fr\/wp-json\/wp\/v2\/pages\/27\/revisions\/1010"}],"wp:attachment":[{"href":"https:\/\/bilberry.io\/fr\/wp-json\/wp\/v2\/media?parent=27"}],"curies":[{"name":"wp","href":"https:\/\/api.w.org\/{rel}","templated":true}]}}