{"id":25,"date":"2021-04-08T09:02:44","date_gmt":"2021-04-08T09:02:44","guid":{"rendered":"http:\/\/bilberry.ag\/?page_id=25"},"modified":"2021-12-15T19:25:47","modified_gmt":"2021-12-15T19:25:47","slug":"applications","status":"publish","type":"page","link":"https:\/\/bilberry.io\/fr\/applications\/","title":{"rendered":"Utilisations &#038; b\u00e9n\u00e9fices"},"content":{"rendered":"\n<div class=\"wp-block-group container intro is-layout-flow\"><div class=\"wp-block-group__inner-container\">\n<div class=\"wp-block-columns wide is-layout-flex wp-container-3\">\n<div class=\"wp-block-column is-layout-flow\">\n<p class=\"has-text-align-right\">Que vous ayez besoin d\u2019une d\u00e9tection Green-on-Brown ou Green-on-Green, nous avons ce qu\u2019il vous faut. Notre syst\u00e8me vous apportera le meilleur en termes de flexibilit\u00e9 et de pr\u00e9cision.<\/p>\n<\/div>\n\n\n\n<div class=\"wp-block-column is-layout-flow\">\n<p>Jetez un \u0153il ci-dessous pour voir les t\u00e9moignages de nos clients et comment notre syst\u00e8me participe \u00e0 l\u2019am\u00e9lioration de leurs r\u00e9coltes et \u00e9conomies.<\/p>\n<\/div>\n<\/div>\n\n\n<svg class=\"separator\" xmlns=\"http:\/\/www.w3.org\/2000\/svg\" viewBox=\"0 0 26 97.2\" data-inviewport=\"dash\">\n  <path d=\"M13 0v68.6m12 6.8l-12.1-6.8L1 75.4v13.7L12.9 96 25 89.1V75.4z\" fill=\"none\" stroke=\"#2a5a80\" stroke-width=\"2\" stroke-linecap=\"round\" stroke-linejoin=\"round\" stroke-miterlimit=\"10\"\/>\n<\/svg>\n<\/div><\/div>\n\n\n\n<div class=\"wp-block-group alignwide container-light is-layout-flow\"><div class=\"wp-block-group__inner-container\">\n<div class=\"wp-block-group container is-layout-flow\"><div class=\"wp-block-group__inner-container\">\n<div class=\"wp-block-columns is-layout-flex wp-container-7\">\n<div class=\"wp-block-column is-layout-flow\">\n<h3 class=\"underline full-width has-sushi-color has-text-color wp-block-heading\"><strong>GREEN ON GREEN<\/strong><br><strong>un syst\u00e8me intelligent pour la d\u00e9tection des mauvaises herbes<\/strong><\/h3>\n<\/div>\n\n\n\n<div class=\"wp-block-column is-layout-flow\">\n<p>Nous avons d\u00e9velopp\u00e9 notre syst\u00e8me pour assurer la d\u00e9tection de plantes dicotyl\u00e9dones telles que le <strong>radis sauvage, le navet, le lupin bleu, le chardon ou le pissenlit<\/strong> dans les champs de c\u00e9r\u00e9ales et ce, \u00e0 tous les stades de culture. Nous travaillons aussi \u00e0 la d\u00e9tection de tous types d&rsquo;adventices dans le ma\u00efs et le tournesol. C\u2019est ce que nous appelons le Green-on-Green.<\/p>\n\n\n\n<p>Les r\u00e9sultats sont similaires \u00e0 ceux du Green-on-Brown et permettent jusqu\u2019\u00e0 91,5% d\u2019\u00e9conomies sur les herbicides.<\/p>\n\n\n\n<p>Notre technologie Green-on-Green s\u2019est d\u00e9j\u00e0 av\u00e9r\u00e9e efficace en Australie avec des<strong> r\u00e9sultats allant jusqu&rsquo;\u00e0 97,5% d\u2019\u00e9conomie d&rsquo;herbicides<\/strong>. Plus de 20 000 hectares ont \u00e9t\u00e9 couverts en Australie en 2020 pour contr\u00f4ler les infestations de radis sauvage et de lupin bleu dans les champs de bl\u00e9.<\/p>\n\n\n\n<p>Nos utilisateurs t\u00e9moignent d\u2019importantes am\u00e9liorations apr\u00e8s usage du syst\u00e8me Bilberry: les \u00e9conomies de produits ont <strong>permis de rentabiliser le syst\u00e8me en un an seulement.<\/strong><\/p>\n\n\n\n<p>Suite \u00e0 ce succ\u00e8s en Australie, nous effectuons actuellement des tests tr\u00e8s prometteurs en Europe.<\/p>\n<\/div>\n<\/div>\n\n\n\n<div class=\"wp-block-columns triptych is-layout-flex wp-container-11\">\n<div class=\"wp-block-column is-layout-flow\">\n<div class=\"wp-block-image\"><figure class=\"aligncenter size-large\"><img decoding=\"async\" src=\"https:\/\/bilberry.io\/fr\/wp-content\/uploads\/sites\/2\/2021\/09\/home-1.jpg\" alt=\"\" class=\"wp-image-478\"\/><\/figure><\/div>\n<\/div>\n\n\n\n<div class=\"wp-block-column is-vertically-aligned-top is-layout-flow\">\n<div class=\"wp-block-image\"><figure class=\"aligncenter size-large\"><img decoding=\"async\" src=\"https:\/\/bilberry.io\/fr\/wp-content\/uploads\/sites\/2\/2021\/09\/green-on-green-2.jpg\" alt=\"\" class=\"wp-image-596\"\/><\/figure><\/div>\n<\/div>\n\n\n\n<div class=\"wp-block-column is-vertically-aligned-top is-layout-flow\">\n<div class=\"wp-block-image\"><figure class=\"aligncenter size-large\"><img decoding=\"async\" src=\"https:\/\/bilberry.io\/fr\/wp-content\/uploads\/sites\/2\/2021\/09\/home-3.jpg\" alt=\"\" class=\"wp-image-477\"\/><\/figure><\/div>\n<\/div>\n<\/div>\n\n\n\n<div class=\"wp-block-columns compact-columns is-layout-flex wp-container-15\">\n<div class=\"wp-block-column is-vertically-aligned-top is-layout-flow\">\n<figure class=\"wp-block-image size-large icon center\"><img decoding=\"async\" src=\"https:\/\/bilberry.io\/fr\/wp-content\/uploads\/sites\/2\/2021\/09\/icon-map.svg\" alt=\"\" class=\"wp-image-692\"\/><\/figure>\n\n\n\n<p class=\"has-text-align-center has-sushi-color has-text-color\"><strong>&gt; 20 000 ha<\/strong><\/p>\n<\/div>\n\n\n\n<div class=\"wp-block-column is-vertically-aligned-top is-layout-flow\">\n<figure class=\"wp-block-image size-large icon center\"><img decoding=\"async\" src=\"https:\/\/bilberry.io\/fr\/wp-content\/uploads\/sites\/2\/2021\/09\/icon-hit.svg\" alt=\"\" class=\"wp-image-691\"\/><\/figure>\n\n\n\n<p class=\"has-text-align-center has-sushi-color has-text-color\"><strong>&gt; 90% average<br>hit ratio<\/strong><\/p>\n<\/div>\n\n\n\n<div class=\"wp-block-column is-vertically-aligned-top is-layout-flow\">\n<figure class=\"wp-block-image size-large icon center\"><img decoding=\"async\" src=\"https:\/\/bilberry.io\/fr\/wp-content\/uploads\/sites\/2\/2021\/09\/icon-chemical.svg\" alt=\"\" class=\"wp-image-657\"\/><\/figure>\n\n\n\n<p class=\"has-text-align-center has-sushi-color has-text-color\">&gt; <strong>90% average chemical savings<\/strong><\/p>\n<\/div>\n<\/div>\n\n\n\n<div class=\"wp-block-columns is-layout-flex wp-container-18\">\n<div class=\"wp-block-column is-layout-flow\">\n<h3 class=\"underline full-width has-sushi-color has-text-color wp-block-heading\"><\/h3>\n\n\n\n<p><\/p>\n<\/div>\n\n\n\n<div class=\"wp-block-column is-layout-flow\"><\/div>\n<\/div>\n<\/div><\/div>\n<\/div><\/div>\n\n\n\n<div class=\"wp-block-group alignwide container-light is-layout-flow\"><div class=\"wp-block-group__inner-container\">\n<div class=\"wp-block-group container is-layout-flow\"><div class=\"wp-block-group__inner-container\">\n<div class=\"wp-block-columns reverse-on-mobile is-layout-flex wp-container-23\">\n<div class=\"wp-block-column is-layout-flow\">\n<p>A l\u2019aide d\u2019intelligence artificielle et de cam\u00e9ras embarqu\u00e9es, notre technologie Green-on-Brown permet de d\u00e9tecter <strong>tous types d\u2019 adventices dans les terres en jach\u00e8re, avec ou sans chaume, et les champs de c\u00e9r\u00e9ales<\/strong>. Notre syst\u00e8me peut \u00eatre utilis\u00e9 \u00e0 une vitesse allant<strong> jusqu\u2019\u00e0 25 km\/h<\/strong>, le jour ou la nuit et permet de r\u00e9aliser jusqu\u2019\u00e0 90% d\u2019\u00e9conomie d&rsquo;herbicides en moyenne.<\/p>\n\n\n\n<p>Notre solution est commercialis\u00e9e depuis 2018 et est install\u00e9e sur de nombreuses machines en Australie et en Europe.<\/p>\n\n\n\n<p>Plus de 100 000 hectares ont d\u00e9j\u00e0 \u00e9t\u00e9 pulv\u00e9ris\u00e9s \u00e0 l\u2019aide du syst\u00e8me Bilberry.<\/p>\n<\/div>\n\n\n\n<div class=\"wp-block-column is-layout-flow\">\n<h3 class=\"underline reverse full-width has-sushi-color has-text-color wp-block-heading\"><strong>GREEN ON BROWN<\/strong><br><strong>une d\u00e9tection sur tout type de sol<\/strong><\/h3>\n<\/div>\n<\/div>\n\n\n\n<div class=\"wp-block-columns is-layout-flex wp-container-27\">\n<div class=\"wp-block-column is-layout-flow\">\n<div class=\"wp-block-image\"><figure class=\"aligncenter size-large\"><img decoding=\"async\" src=\"https:\/\/bilberry.io\/fr\/wp-content\/uploads\/sites\/2\/2021\/09\/green-on-brown-1.jpg\" alt=\"\" class=\"wp-image-613\"\/><\/figure><\/div>\n<\/div>\n\n\n\n<div class=\"wp-block-column is-vertically-aligned-top is-layout-flow\">\n<div class=\"wp-block-image\"><figure class=\"aligncenter size-large\"><img decoding=\"async\" src=\"https:\/\/bilberry.io\/fr\/wp-content\/uploads\/sites\/2\/2021\/09\/green-on-brown-2.jpg\" alt=\"\" class=\"wp-image-614\"\/><\/figure><\/div>\n<\/div>\n\n\n\n<div class=\"wp-block-column is-vertically-aligned-top is-layout-flow\">\n<div class=\"wp-block-image\"><figure class=\"aligncenter size-large\"><img decoding=\"async\" src=\"https:\/\/bilberry.io\/fr\/wp-content\/uploads\/sites\/2\/2021\/09\/green-on-brown-3.jpg\" alt=\"\" class=\"wp-image-615\"\/><\/figure><\/div>\n<\/div>\n<\/div>\n\n\n\n<div class=\"wp-block-columns compact-columns is-layout-flex wp-container-31\">\n<div class=\"wp-block-column is-vertically-aligned-top is-layout-flow\">\n<figure class=\"wp-block-image size-large icon center\"><img decoding=\"async\" src=\"https:\/\/bilberry.io\/fr\/wp-content\/uploads\/sites\/2\/2021\/09\/icon-map.svg\" alt=\"\" class=\"wp-image-692\"\/><\/figure>\n\n\n\n<p class=\"has-text-align-center has-sushi-color has-text-color\"><strong>> 100 000 ha<\/strong><\/p>\n<\/div>\n\n\n\n<div class=\"wp-block-column is-vertically-aligned-top is-layout-flow\">\n<figure class=\"wp-block-image size-large icon center\"><img decoding=\"async\" src=\"https:\/\/bilberry.io\/fr\/wp-content\/uploads\/sites\/2\/2021\/09\/icon-hit.svg\" alt=\"\" class=\"wp-image-691\"\/><\/figure>\n\n\n\n<p class=\"has-text-align-center has-sushi-color has-text-color\"><strong>&gt; 90% average<br>hit ratio<\/strong><\/p>\n<\/div>\n\n\n\n<div class=\"wp-block-column is-vertically-aligned-top is-layout-flow\">\n<figure class=\"wp-block-image size-large icon center\"><img decoding=\"async\" src=\"https:\/\/bilberry.io\/fr\/wp-content\/uploads\/sites\/2\/2021\/09\/icon-chemical.svg\" alt=\"\" class=\"wp-image-657\"\/><\/figure>\n\n\n\n<p class=\"has-text-align-center has-sushi-color has-text-color\">&gt; <strong>90% average chemical savings<\/strong><\/p>\n<\/div>\n<\/div>\n\n\n\n<div class=\"wp-block-columns is-layout-flex wp-container-34\">\n<div class=\"wp-block-column is-layout-flow\"><\/div>\n\n\n\n<div class=\"wp-block-column is-layout-flow\">\n<h3 class=\"underline reverse full-width has-sushi-color has-text-color wp-block-heading\"><\/h3>\n<\/div>\n<\/div>\n<\/div><\/div>\n<\/div><\/div>\n\n\n\n<div class=\"wp-block-group container element-hidden is-layout-flow\"><div class=\"wp-block-group__inner-container\"><svg class=\"separator\" xmlns=\"http:\/\/www.w3.org\/2000\/svg\" viewBox=\"0 0 26 97.2\" data-inviewport=\"dash\">\n  <path d=\"M13 0v68.6m12 6.8l-12.1-6.8L1 75.4v13.7L12.9 96 25 89.1V75.4z\" fill=\"none\" stroke=\"#2a5a80\" stroke-width=\"2\" stroke-linecap=\"round\" stroke-linejoin=\"round\" stroke-miterlimit=\"10\"\/>\n<\/svg>\n\n\n\n<h2 class=\"has-text-align-center has-sushi-color has-text-color wp-block-heading\"><strong>MAPPING<\/strong><\/h2>\n\n\n\n<div class=\"wp-block-columns wide is-layout-flex wp-container-39\">\n<div class=\"wp-block-column is-layout-flow\">\n<p class=\"has-text-align-left text-justify\">Our mission does not stop with spraying. We want to make sure to provide you with the most data possible. Our system logs every weed detection and nozzle opening to provide an accurate mapping of all spraying sessions and field status.<\/p>\n<\/div>\n\n\n\n<div class=\"wp-block-column is-layout-flow\">\n<p>Those maps, which are available on a dedicated web platform, can easily be integrated with the sprayers for further applications or in agricultural management software to improve field knowledge and make informed decisions.<br>At Bilberry, we value your input. If you have specific needs, feel free to contact us to discuss them in-depth.<\/p>\n<\/div>\n<\/div>\n\n\n\n<figure class=\"wp-block-gallery columns-3 is-cropped mapping wp-block-gallery-40 is-layout-flex\"><ul class=\"blocks-gallery-grid\"><li class=\"blocks-gallery-item\"><figure><img decoding=\"async\" src=\"https:\/\/bilberry.io\/fr\/wp-content\/uploads\/sites\/2\/2021\/09\/mapping-1.jpg\" alt=\"\" data-id=\"699\" data-full-url=\"https:\/\/bilberry.io\/fr\/wp-content\/uploads\/sites\/2\/2021\/09\/mapping-1.jpg\" data-link=\"https:\/\/bilberry.io\/mapping-1\/\" class=\"wp-image-699\"\/><\/figure><\/li><li class=\"blocks-gallery-item\"><figure><img decoding=\"async\" src=\"https:\/\/bilberry.io\/fr\/wp-content\/uploads\/sites\/2\/2021\/09\/mapping-2.jpg\" alt=\"\" data-id=\"700\" data-full-url=\"https:\/\/bilberry.io\/fr\/wp-content\/uploads\/sites\/2\/2021\/09\/mapping-2.jpg\" data-link=\"https:\/\/bilberry.io\/mapping-2\/\" class=\"wp-image-700\"\/><\/figure><\/li><li class=\"blocks-gallery-item\"><figure><img decoding=\"async\" src=\"https:\/\/bilberry.io\/fr\/wp-content\/uploads\/sites\/2\/2021\/09\/mapping-3.jpg\" alt=\"\" data-id=\"701\" data-full-url=\"https:\/\/bilberry.io\/fr\/wp-content\/uploads\/sites\/2\/2021\/09\/mapping-3.jpg\" data-link=\"https:\/\/bilberry.io\/mapping-3\/\" class=\"wp-image-701\"\/><\/figure><\/li><li class=\"blocks-gallery-item\"><figure><img decoding=\"async\" src=\"https:\/\/bilberry.io\/fr\/wp-content\/uploads\/sites\/2\/2021\/09\/mapping-4.jpg\" alt=\"\" data-id=\"702\" data-full-url=\"https:\/\/bilberry.io\/fr\/wp-content\/uploads\/sites\/2\/2021\/09\/mapping-4.jpg\" data-link=\"https:\/\/bilberry.io\/mapping-4\/\" class=\"wp-image-702\"\/><\/figure><\/li><\/ul><\/figure>\n<\/div><\/div>\n\n\n\n<div class=\"wp-block-group container element-hidden is-layout-flow\"><div class=\"wp-block-group__inner-container\">\n<h2 class=\"has-text-align-center has-sushi-color has-text-color wp-block-heading\"><strong>TIMELINE<\/strong><\/h2>\n\n\n\n<div class=\"wp-block-image\"><figure class=\"aligncenter size-large\"><img decoding=\"async\" src=\"https:\/\/bilberry.io\/fr\/wp-content\/uploads\/sites\/2\/2021\/09\/timeline-1024x476.jpg\" alt=\"\" class=\"wp-image-714\"\/><\/figure><\/div>\n<\/div><\/div>\n\n\n<svg class=\"separator\" xmlns=\"http:\/\/www.w3.org\/2000\/svg\" viewBox=\"0 0 26 97.2\" data-inviewport=\"dash\">\n  <path d=\"M13 0v68.6m12 6.8l-12.1-6.8L1 75.4v13.7L12.9 96 25 89.1V75.4z\" fill=\"none\" stroke=\"#2a5a80\" stroke-width=\"2\" stroke-linecap=\"round\" stroke-linejoin=\"round\" stroke-miterlimit=\"10\"\/>\n<\/svg>\n\n\n\n<div class=\"wp-block-group alignwide container-light is-layout-flow\"><div class=\"wp-block-group__inner-container\">\n<div id=\"benefits\" class=\"wp-block-group container is-layout-flow\"><div class=\"wp-block-group__inner-container\">\n<div class=\"wp-block-columns is-layout-flex wp-container-46\">\n<div class=\"wp-block-column is-layout-flow\">\n<h3 class=\"underline full-width has-sushi-color has-text-color wp-block-heading\"><strong><strong>NOS PRINCIPAUX B\u00c9N\u00c9FICES<\/strong><\/strong><\/h3>\n<\/div>\n\n\n\n<div class=\"wp-block-column is-layout-flow\"><\/div>\n<\/div>\n\n\n\n<div class=\"wp-block-columns wide-columns is-layout-flex wp-container-51\">\n<div class=\"wp-block-column is-layout-flow\">\n<figure class=\"wp-block-image size-large icon icon-pad\"><img decoding=\"async\" src=\"https:\/\/bilberry.io\/fr\/wp-content\/uploads\/sites\/2\/2021\/09\/icon-chemical.svg\" alt=\"\" class=\"wp-image-671\"\/><\/figure>\n\n\n\n<p class=\"has-text-align-center has-sushi-color has-text-color has-medium-font-size\"><strong>Jusqu\u2019\u00e0 98% d\u2019\u00e9conomies d\u2019herbicides<\/strong><\/p>\n\n\n\n<p class=\"has-text-align-center\">R\u00e9duisez vos d\u00e9penses de produits phytosanitaires en ne pulv\u00e9risant que sur les mauvaises herbes.<\/p>\n<\/div>\n\n\n\n<div class=\"wp-block-column is-layout-flow\">\n<figure class=\"wp-block-image size-large icon\"><img decoding=\"async\" src=\"https:\/\/bilberry.io\/fr\/wp-content\/uploads\/sites\/2\/2021\/09\/icon-resistance.svg\" alt=\"\" class=\"wp-image-675\" title=\"\"\/><\/figure>\n\n\n\n<p class=\"has-text-align-center has-sushi-color has-text-color has-medium-font-size\"><strong>Gestion de la r\u00e9sistance aux herbicides<\/strong><\/p>\n\n\n\n<p class=\"has-text-align-center\">Utilisez des produits plus efficaces \u00e0 une concentration plus \u00e9lev\u00e9e pour un meilleur contr\u00f4le des mauvaises herbes.<\/p>\n<\/div>\n\n\n\n<div class=\"wp-block-column is-layout-flow\">\n<figure class=\"wp-block-image size-large icon\"><img decoding=\"async\" src=\"https:\/\/bilberry.io\/fr\/wp-content\/uploads\/sites\/2\/2021\/09\/icon-sustainable.svg\" alt=\"\" class=\"wp-image-678\"\/><\/figure>\n\n\n\n<p class=\"has-text-align-center has-sushi-color has-text-color has-medium-font-size\"><strong>Une agriculture <\/strong><br><strong>de pr\u00e9cision <\/strong><br><strong>durable<\/strong><\/p>\n\n\n\n<p class=\"has-text-align-center\">Prolongez la vie de vos produits tout en pr\u00e9servant l&rsquo;environnement.<\/p>\n<\/div>\n\n\n\n<div class=\"wp-block-column is-layout-flow\">\n<figure class=\"wp-block-image size-large icon\"><img decoding=\"async\" src=\"https:\/\/bilberry.io\/fr\/wp-content\/uploads\/sites\/2\/2021\/09\/icon-protection.svg\" alt=\"\" class=\"wp-image-699\"\/><\/figure>\n\n\n\n<p class=\"has-text-align-center has-sushi-color has-text-color has-medium-font-size\"><strong>R\u00e9duction de l\u2019exposition aux produits chimiques<\/strong><\/p>\n\n\n\n<p class=\"has-text-align-center\">En pulv\u00e9risant moins, vous serez moins expos\u00e9s aux produits chimiques.<\/p>\n<\/div>\n<\/div>\n\n\n\n<div class=\"wp-block-columns wide-columns is-layout-flex wp-container-56\">\n<div class=\"wp-block-column is-layout-flow\">\n<figure class=\"wp-block-image size-large icon\"><img decoding=\"async\" src=\"https:\/\/bilberry.io\/fr\/wp-content\/uploads\/sites\/2\/2021\/09\/icon-tractor.svg\" alt=\"\" class=\"wp-image-700\" title=\"\"\/><\/figure>\n\n\n\n<p class=\"has-text-align-center has-sushi-color has-text-color has-medium-font-size\"><strong>Pulv\u00e9risation <\/strong><br><strong>rapide<\/strong><br><\/p>\n\n\n\n<p class=\"has-text-align-center\">20km\/h de vitesse en moyenne, et sur des rampes allant jusqu\u2019\u00e0 49 m\u00e8tres<\/p>\n<\/div>\n\n\n\n<div class=\"wp-block-column is-layout-flow\">\n<figure class=\"wp-block-image size-large icon\"><img decoding=\"async\"  src=\"https:\/\/bilberry.io\/fr\/wp-content\/uploads\/sites\/2\/2021\/09\/icon-chart.svg\" alt=\"\" class=\"wp-image-668\"\/><\/figure>\n\n\n\n<p class=\"has-text-align-center has-sushi-color has-text-color has-medium-font-size\"><strong>Une meilleure connaissance de vos parcelles<\/strong><\/p>\n\n\n\n<p class=\"has-text-align-center\">G\u00e9n\u00e9rez et conservez une cartographie des adventices \u00e0 chaque pulv\u00e9risation afin de mieux conna\u00eetre vos terres.<\/p>\n<\/div>\n\n\n\n<div class=\"wp-block-column is-layout-flow\">\n<figure class=\"wp-block-image size-large icon\"><img decoding=\"async\" src=\"https:\/\/bilberry.io\/fr\/wp-content\/uploads\/sites\/2\/2021\/09\/icon-care.svg\" alt=\"\" class=\"wp-image-697\"\/><\/figure>\n\n\n\n<p class=\"has-text-align-center has-sushi-color has-text-color has-medium-font-size\"><strong>R\u00e9duction des atteintes aux cultures<\/strong><\/p>\n\n\n\n<p class=\"has-text-align-center\">Am\u00e9liorez vos rendements en minimisant les dommages inutiles de vos cultures.<\/p>\n<\/div>\n\n\n\n<div class=\"wp-block-column is-layout-flow\">\n<figure class=\"wp-block-image size-large icon\"><img decoding=\"async\" src=\"https:\/\/bilberry.io\/fr\/wp-content\/uploads\/sites\/2\/2021\/09\/icon-hit.svg\" alt=\"\" class=\"wp-image-673\"\/><\/figure>\n\n\n\n<p class=\"has-text-align-center has-sushi-color has-text-color has-medium-font-size\"><strong>Moins de temps pass\u00e9 \u00e0 faire le plein<\/strong><br><\/p>\n\n\n\n<p class=\"has-text-align-center\">En pulv\u00e9risant 10 fois moins, vous aurez 10 fois moins \u00e0 faire le plein de produit.<\/p>\n<\/div>\n<\/div>\n<\/div><\/div>\n<\/div><\/div>\n\n\n\n<div class=\"wp-block-group container is-layout-flow\"><div class=\"wp-block-group__inner-container\">\n<h2 class=\"has-text-align-center has-sushi-color has-text-color wp-block-heading\"><strong>T\u00c9MOIGNAGES<\/strong><\/h2>\n<\/div><\/div>\n\n\n\n<div class=\"wp-block-group container is-layout-flow\"><div class=\"wp-block-group__inner-container\">\n<div class=\"wp-block-columns is-layout-flex wp-container-62\">\n<div class=\"wp-block-column is-vertically-aligned-center is-layout-flow\">\n<figure class=\"wp-block-image size-full vertical-caption-left\"><img decoding=\"async\" loading=\"lazy\" width=\"240\" height=\"262\" src=\"https:\/\/bilberry.io\/fr\/wp-content\/uploads\/sites\/2\/2021\/10\/WS-FMann-AMessina-IMG_8242-1200-1024x538-1.jpeg\" alt=\"\" class=\"wp-image-854\"\/><figcaption><strong><span class=\"has-inline-color has-sushi-color\">Andrew Messina<\/span><\/strong>, Agriculteur de Mullewa<\/figcaption><\/figure>\n<\/div>\n\n\n\n<div class=\"wp-block-column is-vertically-aligned-center is-layout-flow\" style=\"flex-basis:75%\">\n<blockquote class=\"wp-block-quote\"><p>\u00ab Les <strong>\u00e9conomies ont \u00e9t\u00e9 importantes<\/strong> en termes de quantit\u00e9s d\u2019herbicides, ce qui a pratiquement rembours\u00e9 le co\u00fbt des cam\u00e9ras en seulement une ann\u00e9e. \u00bb<\/p><p>\u00ab Il ne s&rsquo;agit pas seulement des \u00e9conomies potentielles [que le syst\u00e8me permet de r\u00e9aliser], il faut \u00eatre content du travail fourni et <strong>nous sommes tr\u00e8s satisfaits des r\u00e9sultats.<\/strong> \u00bb<\/p><p>\u00ab Dans le futur, on aimerait pouvoir cartographier les adventices avec les cam\u00e9ras pour pouvoir garder une trace des populations d&rsquo;adventices au fil des ann\u00e9es. C&rsquo;est quelque chose sur lequel Bilberry travaille actuellement et on a h\u00e2te d&rsquo;y avoir acc\u00e8s cette ann\u00e9e. \u00bb<\/p><\/blockquote>\n\n\n\n<p><\/p>\n<\/div>\n<\/div>\n<\/div><\/div>\n\n\n\n<div class=\"wp-block-group container is-layout-flow\"><div class=\"wp-block-group__inner-container\">\n<div class=\"wp-block-columns reverse-on-mobile is-layout-flex wp-container-66\">\n<div class=\"wp-block-column is-layout-flow\" style=\"flex-basis:75%\">\n<blockquote class=\"wp-block-quote\"><p>\u00ab La pulv\u00e9risation cibl\u00e9e sur du Green on Green (GoG) a \u00e9t\u00e9 r\u00e9alis\u00e9e \u00e0 grande \u00e9chelle en 2020 par Andrew et Rod Messina avec le syst\u00e8me Bilberry et la rampe de pulv\u00e9risation Agrifac. <strong>Les tests ont d\u00e9montr\u00e9 90% puis 93% de r\u00e9duction d\u2019usage des herbicides apr\u00e8s deux passages sur plus de 12 000 hectares de bl\u00e9<\/strong>. Le niveau de d\u00e9tection des mauvaises herbes a \u00e9t\u00e9 excellent et plus qu\u2019acceptable dans le syst\u00e8me de management des herbes de Messina. Cette <strong>technologie innovante permet des \u00e9conomies \u00e9normes<\/strong> et sera s\u00fbrement rapidement adopt\u00e9e par d\u2019autres exploitations agricoles en Australie de l\u2019Ouest dans lesquelles les radis sauvages sont r\u00e9sistants aux herbicides. \u00bb<\/p><\/blockquote>\n<\/div>\n\n\n\n<div class=\"wp-block-column is-layout-flow\">\n<figure class=\"wp-block-image size-full vertical-caption-right\"><img decoding=\"async\" loading=\"lazy\" width=\"240\" height=\"262\" src=\"https:\/\/bilberry.io\/fr\/wp-content\/uploads\/sites\/2\/2021\/10\/Peter-Norris_1024x1024.jpeg\" alt=\"\" class=\"wp-image-855\"\/><figcaption><strong><span class=\"has-inline-color has-sushi-color\">Peter Norris<\/span><\/strong>, Synergy Consulting<\/figcaption><\/figure>\n<\/div>\n<\/div>\n<\/div><\/div>\n","protected":false},"excerpt":{"rendered":"<p>Que vous ayez besoin d\u2019une d\u00e9tection Green-on-Brown ou Green-on-Green, nous avons ce [&hellip;]<\/p>\n","protected":false},"author":1,"featured_media":0,"parent":0,"menu_order":0,"comment_status":"closed","ping_status":"closed","template":"","meta":{"inline_featured_image":false},"acf":[],"_links":{"self":[{"href":"https:\/\/bilberry.io\/fr\/wp-json\/wp\/v2\/pages\/25"}],"collection":[{"href":"https:\/\/bilberry.io\/fr\/wp-json\/wp\/v2\/pages"}],"about":[{"href":"https:\/\/bilberry.io\/fr\/wp-json\/wp\/v2\/types\/page"}],"author":[{"embeddable":true,"href":"https:\/\/bilberry.io\/fr\/wp-json\/wp\/v2\/users\/1"}],"replies":[{"embeddable":true,"href":"https:\/\/bilberry.io\/fr\/wp-json\/wp\/v2\/comments?post=25"}],"version-history":[{"count":9,"href":"https:\/\/bilberry.io\/fr\/wp-json\/wp\/v2\/pages\/25\/revisions"}],"predecessor-version":[{"id":967,"href":"https:\/\/bilberry.io\/fr\/wp-json\/wp\/v2\/pages\/25\/revisions\/967"}],"wp:attachment":[{"href":"https:\/\/bilberry.io\/fr\/wp-json\/wp\/v2\/media?parent=25"}],"curies":[{"name":"wp","href":"https:\/\/api.w.org\/{rel}","templated":true}]}}