{"id":14,"date":"2021-04-08T08:49:38","date_gmt":"2021-04-08T08:49:38","guid":{"rendered":"http:\/\/bilberry.ag\/?page_id=14"},"modified":"2021-10-26T18:24:41","modified_gmt":"2021-10-26T17:24:41","slug":"faq","status":"publish","type":"page","link":"https:\/\/bilberry.io\/fr\/faq\/","title":{"rendered":"FAQ"},"content":{"rendered":"\n<div class=\"wp-block-group container intro is-layout-flow\"><div class=\"wp-block-group__inner-container\">\n<div class=\"wp-block-columns wide is-layout-flex wp-container-3\">\n<div class=\"wp-block-column is-layout-flow\">\n<p class=\"has-text-align-right\">Parcourez notre FAQ pour en savoir plus sur notre syst\u00e8me, ses b\u00e9n\u00e9fices et comment nous pouvons vous assister au mieux.<\/p>\n<\/div>\n\n\n\n<div class=\"wp-block-column is-layout-flow\">\n<p>Si vous ne trouvez pas la r\u00e9ponse \u00e0 votre question, n\u2019h\u00e9sitez pas \u00e0 nous contacter gr\u00e2ce au formulaire en bas de page et nous reviendrons vers vous rapidement.<\/p>\n<\/div>\n<\/div>\n\n\n<svg class=\"separator\" xmlns=\"http:\/\/www.w3.org\/2000\/svg\" viewBox=\"0 0 26 97.2\" data-inviewport=\"dash\">\n  <path d=\"M13 0v68.6m12 6.8l-12.1-6.8L1 75.4v13.7L12.9 96 25 89.1V75.4z\" fill=\"none\" stroke=\"#2a5a80\" stroke-width=\"2\" stroke-linecap=\"round\" stroke-linejoin=\"round\" stroke-miterlimit=\"10\"\/>\n<\/svg>\n<\/div><\/div>\n\n\n\n<div class=\"wp-block-group container is-layout-flow\"><div class=\"wp-block-group__inner-container\">\n<h2 class=\"has-text-align-center has-sushi-color has-text-color wp-block-heading\">FOIRE AUX QUESTIONS<\/h2>\n<\/div><\/div>\n\n\n<div class=\"faq\">\n\t\t<div class=\"faq-category\">\n\t\t<h2 class=\"faq-category-title\"><strong>Question G\u00e9n\u00e9rales<\/strong><\/h2>\n\t\t<div>\n\t\t\t\t\t\t<div class=\"faq-item\">\n\t\t\t\t<h3 class=\"faq-item-title\">\n    \t\t\t\tEst-il possible d\u2019\u00e9quiper mon pulv\u00e9risateur avec le syst\u00e8me Bilberry ?    \t\t\t<\/h3>\n\t\t\t\t<div class=\"faq-item-content\">\n    \t\t\t\t<p>Oui - notre syst\u00e8me est compatible avec tous les pulv\u00e9risateurs sur le march\u00e9. Nous recommandons toutefois de travailler avec nos partenaires pour des r\u00e9sultats optimum : Agrifac, Goldacres et Dammann.<\/p>\n    \t\t\t<\/div>\n\t\t\t<\/div>\n\t\t\t\t\t\t<div class=\"faq-item\">\n\t\t\t\t<h3 class=\"faq-item-title\">\n    \t\t\t\tOu est-il possible d\u2019utiliser les cam\u00e9ras Bilberry ?    \t\t\t<\/h3>\n\t\t\t\t<div class=\"faq-item-content\">\n    \t\t\t\t<p>Vous pouvez utiliser nos cam\u00e9ras pour d\u00e9tecter et pulv\u00e9riser toutes les adventices dans les terres en jach\u00e8re et les champs de c\u00e9r\u00e9ales.<\/p>\n    \t\t\t<\/div>\n\t\t\t<\/div>\n\t\t\t\t\t<\/div>\n\t<\/div>\n\t\t<div class=\"faq-category\">\n\t\t<h2 class=\"faq-category-title\"><strong>Questions Techniques<\/strong><\/h2>\n\t\t<div>\n\t\t\t\t\t\t<div class=\"faq-item\">\n\t\t\t\t<h3 class=\"faq-item-title\">\n    \t\t\t\tEst-ce que le syst\u00e8me Bilberry d\u00e9tecte toutes les mauvaises herbes ?    \t\t\t<\/h3>\n\t\t\t\t<div class=\"faq-item-content\">\n    \t\t\t\t<p>Oui - dans une situation de Green-on-Brown, notre syst\u00e8me peut d\u00e9tecter les gramin\u00e9es et les plantes dicotyl\u00e9dones, d\u00e8s lors qu\u2019elles sont visibles \u00e0 une distance de 3 m\u00e8tres \u00e0 l'\u0153il nu.<\/p>\n<p>Dans une situation de Green-on-Green, \u00e0 ce stade, seules les plantes dicotyl\u00e9dones sont d\u00e9tect\u00e9es dans les champs de c\u00e9r\u00e9ales La d\u00e9tection des gramin\u00e9es est notre prochain projet en d\u00e9veloppement !<\/p>\n    \t\t\t<\/div>\n\t\t\t<\/div>\n\t\t\t\t\t\t<div class=\"faq-item\">\n\t\t\t\t<h3 class=\"faq-item-title\">\n    \t\t\t\tA quelle vitesse est-il possible d\u2019utiliser le syst\u00e8me Bilberry ?    \t\t\t<\/h3>\n\t\t\t\t<div class=\"faq-item-content\">\n    \t\t\t\t<p>Nous recommandons d\u2019utiliser notre syst\u00e8me jusqu\u2019\u00e0 20km\/h afin d\u2019assurer une d\u00e9tection optimale des herbes par nos cam\u00e9ras.<\/p>\n    \t\t\t<\/div>\n\t\t\t<\/div>\n\t\t\t\t\t\t<div class=\"faq-item\">\n\t\t\t\t<h3 class=\"faq-item-title\">\n    \t\t\t\tEst-il possible d\u2019utiliser la technologie Green-on-Green ailleurs que dans les champs de c\u00e9r\u00e9ales ?    \t\t\t<\/h3>\n\t\t\t\t<div class=\"faq-item-content\">\n    \t\t\t\t<p>Oui - une grande partie de notre R&amp;D est consacr\u00e9e \u00e0 trouver des solutions pour des plantes comme le ma\u00efs, le canola, le tournesol, le lupin et bien d\u2019autres. Si vous avez des requ\u00eates particuli\u00e8res, n\u2019h\u00e9sitez pas \u00e0 nous contacter pour en discuter.<\/p>\n    \t\t\t<\/div>\n\t\t\t<\/div>\n\t\t\t\t\t\t<div class=\"faq-item\">\n\t\t\t\t<h3 class=\"faq-item-title\">\n    \t\t\t\tProposez-vous d\u2019autres produits que l\u2019identification des adventices ?    \t\t\t<\/h3>\n\t\t\t\t<div class=\"faq-item-content\">\n    \t\t\t\t<p>Nous travaillons actuellement sur le d\u00e9veloppement de la cartographie des adventices pour suivre leur \u00e9volution dans un champ d\u2019ann\u00e9e en ann\u00e9e. Notre objectif est de proposer un meilleur suivi des parcelles pour pouvoir y mettre en \u0153uvre des solutions sur-mesure.<\/p>\n    \t\t\t<\/div>\n\t\t\t<\/div>\n\t\t\t\t\t<\/div>\n\t<\/div>\n\t<\/div>\n","protected":false},"excerpt":{"rendered":"<p>Parcourez notre FAQ pour en savoir plus sur notre syst\u00e8me, ses b\u00e9n\u00e9fices [&hellip;]<\/p>\n","protected":false},"author":1,"featured_media":0,"parent":0,"menu_order":0,"comment_status":"closed","ping_status":"closed","template":"","meta":{"inline_featured_image":false},"acf":[],"_links":{"self":[{"href":"https:\/\/bilberry.io\/fr\/wp-json\/wp\/v2\/pages\/14"}],"collection":[{"href":"https:\/\/bilberry.io\/fr\/wp-json\/wp\/v2\/pages"}],"about":[{"href":"https:\/\/bilberry.io\/fr\/wp-json\/wp\/v2\/types\/page"}],"author":[{"embeddable":true,"href":"https:\/\/bilberry.io\/fr\/wp-json\/wp\/v2\/users\/1"}],"replies":[{"embeddable":true,"href":"https:\/\/bilberry.io\/fr\/wp-json\/wp\/v2\/comments?post=14"}],"version-history":[{"count":6,"href":"https:\/\/bilberry.io\/fr\/wp-json\/wp\/v2\/pages\/14\/revisions"}],"predecessor-version":[{"id":874,"href":"https:\/\/bilberry.io\/fr\/wp-json\/wp\/v2\/pages\/14\/revisions\/874"}],"wp:attachment":[{"href":"https:\/\/bilberry.io\/fr\/wp-json\/wp\/v2\/media?parent=14"}],"curies":[{"name":"wp","href":"https:\/\/api.w.org\/{rel}","templated":true}]}}